{"id":49181,"date":"2017-07-27T10:54:54","date_gmt":"2017-07-27T10:54:54","guid":{"rendered":"http:\/\/marleypropertiesmarbella.com\/sjukvard\/"},"modified":"2017-07-27T11:06:23","modified_gmt":"2017-07-27T11:06:23","slug":"sjukvard","status":"publish","type":"page","link":"https:\/\/marleypropertiesmarbella.com\/sv\/sjukvard\/","title":{"rendered":"Sjukv\u00e5rd"},"content":{"rendered":"<p>[et_pb_section bb_built=&#8221;1&#8243; admin_label=&#8221;Section&#8221; fullwidth=&#8221;on&#8221; specialty=&#8221;off&#8221;][et_pb_fullwidth_image admin_label=&#8221;Fullwidth Image&#8221; _builder_version=&#8221;3.0.51&#8243; src=&#8221;https:\/\/marleypropertiesmarbella.com\/wp-content\/uploads\/2017\/06\/banner-marbella.jpg&#8221; show_in_lightbox=&#8221;off&#8221; url_new_window=&#8221;off&#8221; use_overlay=&#8221;off&#8221; border_style=&#8221;solid&#8221; animation=&#8221;left&#8221; \/][\/et_pb_section][et_pb_section bb_built=&#8221;1&#8243; admin_label=&#8221;section&#8221;][et_pb_row admin_label=&#8221;row&#8221; background_position=&#8221;top_left&#8221; background_repeat=&#8221;repeat&#8221; background_size=&#8221;initial&#8221;][et_pb_column type=&#8221;4_4&#8243;][et_pb_text admin_label=&#8221;Text&#8221; _builder_version=&#8221;3.0.51&#8243; background_layout=&#8221;light&#8221; text_orientation=&#8221;left&#8221; border_style=&#8221;solid&#8221;]<\/p>\n<h2><span style=\"color: #68baec;\">Sjukv\u00e5rd &#8211; Costa del Sol<\/span><\/h2>\n<p style=\"color: #111111; font-size: 16px; font-weight: 300; text-align: left;\">Spanien har en utm\u00e4rkt kvalitet p\u00e5 v\u00e5rden och rankas bland v\u00e4rldens b\u00e4sta. Spanska sjukhus och kliniker \u00f6ver hela landet levererar moderna faciliteter, korta v\u00e4ntetider, exceptionella tj\u00e4nster och behandlingar.<br \/>\nCosta del Sol sjukv\u00e5rdssystem speglar resten av Spanien, men \u00e4r f\u00f6r dig som \u00e4r mer ben\u00e4gen att hitta medicinsk personal som talar engelska eller andra spr\u00e5k. Oavsett om du lider av liten olycka eller beh\u00f6ver kontinuerlig behandling och samr\u00e5d av en l\u00e4kare s\u00e5 \u00e4r sjukhusen p\u00e5 Costa del Sol exceptionella, b\u00e5de statliga och privata. V\u00e4lutbildade medicinska personal har tillg\u00e5ng till toppmodern utrustning och g\u00f6r din upplevelse trevlig, hj\u00e4lpsam och professionell.<\/p>\n<p style=\"color: #111111; font-size: 16px; font-weight: 300; text-align: left;\">\nSpanien har i sig blivit ett turistm\u00e5l f\u00f6r h\u00e4lso och tandturism med priser som \u00e4r mycket konkurrenskraftiga j\u00e4mf\u00f6rt med Nordeuropa. V\u00e4dret i s\u00f6dra Spanien hj\u00e4lper naturligtvis till f\u00f6r ditt v\u00e4lm\u00e5ende.<\/p>\n<p style=\"color: #111111; font-size: 16px; font-weight: 300; text-align: left;\">\nNedan sammanst\u00e4llde vi en lista med n\u00e5gra sjukhus p\u00e5 Costa del Sol som vi rekommenderar.<\/p>\n<p style=\"color: #111111; font-size: 16px; font-weight: 300; text-align: left;\">\n<span style=\"color: #68baec;\"><b>Hospital Costa del Sol<\/b><\/span><br \/>\nHospital Costa del Sol ligger strax utanf\u00f6r kustv\u00e4gen A7 \u00f6ster om Marbella centrum. Det \u00e4r ett av de st\u00f6rsta sjukhusen p\u00e5 Costa del Sol. En stor andel av sina patienter \u00e4r icke spansktalande s\u00e5 det har ett antal frivilliga tolkar vilket g\u00f6r det till det b\u00e4sta valet f\u00f6r icke resident p\u00e5 Costa del Sol. Det har ocks\u00e5 engelsktalande l\u00e4kare.<br \/>\nKontakt: www.hcs.es\n<\/p>\n<p style=\"color: #111111; font-size: 16px; font-weight: 300; text-align: left;\">\n<span style=\"color: #68baec;\"><b>Carlos Haya sjukhus<\/b><\/span><br \/>\nCarlos Haya Hospital ligger i centrala M\u00e1laga och har tre byggnader. Huvudbyggnaden ligger p\u00e5 Avenida Carlos Haya. Det h\u00e4r \u00e4r ocks\u00e5 ett universitets sjukhus, s\u00e5 standardiseringen av diagnos och behandlingsv\u00e5rd anses generellt vara bland de h\u00f6gsta i Spanien. Det kan finnas f\u00e5 engelsktalande l\u00e4kare men det \u00e4r inte n\u00e5got vad detta sjukhus fr\u00e4mjar. I ett sv\u00e5rt fall kan tolkarna ordnas.<br \/>\nKontakt: www.hospitalregionaldemalaga.es\n<\/p>\n<p style=\"color: #111111; font-size: 16px; font-weight: 300; text-align: left;\">\n<span style=\"color: #68baec;\"><b>Helicopteros Sanitarios<\/b><\/span><br \/>\nHelicopteros Sanitarios \u00e4r en privat r\u00e4ddningstj\u00e4nst som f\u00f6r en \u00e5rlig avgift kommer att vara till din tj\u00e4nst varje dag dygnet runt. Deras service\/t\u00e4ckning str\u00e4cker sig fr\u00e5n Torremolinos till Alcaidesa. Deras hemsida finns nu ocks\u00e5 p\u00e5 engelska.<br \/>\nKontakt: www.helicopterossanitarios.com\n<\/p>\n<p style=\"color: #111111; font-size: 16px; font-weight: 300; text-align: left;\">\n<span style=\"color: #68baec;\"><b>Xanit sjukhus (privat)<\/b><\/span><br \/>\nXanit Hospital ligger i Benalmadena p\u00e5 Avenida de los Argonautas vilket g\u00f6r det extremt l\u00e4ttillg\u00e4ngligt f\u00f6r boende i Benalmadena, Torremolinos och Fuengirola. Det har ett team p\u00e5 mer \u00e4n 680 professionella anst\u00e4llda varav 250 \u00e4r l\u00e4kare, sjukhuset leds av dessa som \u00e4r av yppersta niv\u00e5 b\u00e5de p\u00e5 nationell och internationell plan. Deras hemsida finns p\u00e5 spanska, engelska, finska och andra spr\u00e5k och de har engelsktalande l\u00e4kare.<br \/>\nKontakt: http:\/\/xanit.es\/en\n<\/p>\n<p style=\"color: #111111; font-size: 16px; font-weight: 300; text-align: left;\">\n<span style=\"color: #68baec;\"><b>Hospital Quiron, Marbella (privat)<\/b><\/span><br \/>\nHospital Quiron \u00e4r en del av Spaniens ledande privata sjukhusgrupp och deras breda sjukhusn\u00e4tverk har h\u00e4lsocenter i hela Spanien, Madrid, Barcelona, Alicante och Marbella. De ger en h\u00f6g personlig behandling och kommer att tilldela dig en personlig h\u00e4lsov\u00e5rdsman med vilken du kan tala ditt eget spr\u00e5k och som kommer att vara vid din sida under hela processen.<br \/>\nKontakt: www.quironsalud.es\n<\/p>\n<p>[\/et_pb_text][\/et_pb_column][\/et_pb_row][\/et_pb_section]<\/p>\n","protected":false},"excerpt":{"rendered":"<p>Sjukv\u00e5rd &#8211; Costa del Sol Spanien har en utm\u00e4rkt kvalitet p\u00e5 v\u00e5rden och rankas bland v\u00e4rldens b\u00e4sta. Spanska sjukhus och kliniker \u00f6ver hela landet levererar moderna faciliteter, korta v\u00e4ntetider, exceptionella tj\u00e4nster och behandlingar. Costa del Sol sjukv\u00e5rdssystem speglar resten av Spanien, men \u00e4r f\u00f6r dig som \u00e4r mer ben\u00e4gen att hitta medicinsk personal som talar [&hellip;]<\/p>\n","protected":false},"author":1,"featured_media":0,"parent":0,"menu_order":0,"comment_status":"closed","ping_status":"closed","template":"","meta":{"_acf_changed":false,"_et_pb_use_builder":"on","_et_pb_old_content":"[et_pb_section bb_built=\"1\" admin_label=\"Section\" fullwidth=\"on\" specialty=\"off\"][et_pb_fullwidth_image admin_label=\"Fullwidth Image\" _builder_version=\"3.0.51\" src=\"https:\/\/marleypropertiesmarbella.com\/wp-content\/uploads\/2017\/06\/banner-marbella.jpg\" show_in_lightbox=\"off\" url_new_window=\"off\" use_overlay=\"off\" border_style=\"solid\" animation=\"left\" \/][\/et_pb_section][et_pb_section bb_built=\"1\" admin_label=\"section\"][et_pb_row admin_label=\"row\" background_position=\"top_left\" background_repeat=\"repeat\" background_size=\"initial\"][et_pb_column type=\"4_4\"][et_pb_text admin_label=\"Text\" _builder_version=\"3.0.51\" background_layout=\"light\" text_orientation=\"left\" border_style=\"solid\"]\r\n\r\n<h2><span style=\"color: #68baec;\">Healthcare on the Costa del Sol<\/span><\/h2>\r\n<p style=\"color: #111111; font-size: 16px; font-weight: 300; text-align: left;\">Spain has excellent healthcare, which has consistently been ranked amongst the world\u2019s best. Hospitals and clinics throughout the country benefit from modern facilities, short waiting times as well as exceptional services and treatments.\r\nThe Costa del Sol healthcare system reflects the rest of Spain, with the added advantage that you are more likely to find English speaking medical staff here \u2013 as well as those proficient in other languages. Whether you require a doctor for illness, have suffered an accident or need continuous treatment and consultation, the hospitals on the Costa del Sol are exceptional, both state and privately owned. Well-trained medical staff have access to state-of-the-art equipment and are pleasant, helpful and professional.<\/p>\r\n<p style=\"color: #111111; font-size: 16px; font-weight: 300; text-align: left;\">\r\nSuch is the quality of care, Spain is becoming a destination for health and dental tourism, with prices in private clinics very competitive compared with Northern Europe. The weather in Southern Spain of course helps in itself.<\/p>\r\n<p style=\"color: #111111; font-size: 16px; font-weight: 300; text-align: left;\">\r\nBelow we have compiled a list of some of the hospitals on the Costa del Sol that we recommend.<\/p>\r\n<p style=\"color: #111111; font-size: 16px; font-weight: 300; text-align: left;\">\r\n<span style=\"color: #68baec;\"><b>Hospital Costa del Sol<\/b><\/span>\r\nHospital Costa del Sol is  located at Los Monteros, just off the main coastal road A7 east of Marbella town centre. It is one of the largest hospitals on the Costa del Sol. A good percentage of its patients are non-Spanish speaking so it has a number of voluntary interpreters, making it one of the best public health service choices for expats on the Costa del Sol. It also has several English speaking doctors.\r\nContact: www.hcs.es\r\n<\/p>\r\n<p style=\"color: #111111; font-size: 16px; font-weight: 300; text-align: left;\">\r\n<span style=\"color: #68baec;\"><b>Carlos Haya Hospital<\/b><\/span>\r\nAnother public health service hospital is the Carlos Haya, which occupies three buildings in the centre of Malaga. The main building is located on Avenida Carlos Haya. This is also a teaching hospital, so the standards of diagnosis and treatment are generally thought to be among the best in Spain. There may be a few English speaking doctors but it is not something that can be guaranteed. If needed, interpreters can be arranged.\r\nContact: www.hospitalregionaldemalaga.es\r\n<\/p>\r\n<p style=\"color: #111111; font-size: 16px; font-weight: 300; text-align: left;\">\r\n<span style=\"color: #68baec;\"><b>Helicopteros Sanitarios<\/b><\/span>\r\nHelicopteros Sanitarios is a private emergency service that for an annual fee will be at your service every day round the clock. Their service coverage ranges from Torremolinos to Alcaidesa. Their website is provided in English as well. Recently they have changed their emphasis from emergency treatment to a 'home GP service', with a qualified doctor attending every call.\r\nContact: www.helicopterossanitarios.com\r\n<\/p>\r\n<p style=\"color: #111111; font-size: 16px; font-weight: 300; text-align: left;\">\r\n<span style=\"color: #68baec;\"><b>Xanit Hospital ( private)<\/b><\/span>\r\nXanit Hospital is located in Benalm\u00e1dena on Avenida de los Argonautas, making it easily accessible for residents of Benalm\u00e1dena, Torremolinos and Fuengirola. It has a team of more than 680 medical staff, of which 250 are doctors led by professionals renowned at national and international levels. Their website is provided in Spanish, English, Finnish and other languages and they have English speaking doctors.\r\nContact: http:\/\/xanit.es\/en\r\n<\/p>\r\n<p style=\"color: #111111; font-size: 16px; font-weight: 300; text-align: left;\">\r\n<span style=\"color: #68baec;\"><b>Hospital Quiron, Marbella ( private)<\/b><\/span>\r\nHospital Quiron, Marbella ( private)\r\nHospital Quiron is a part of Spain\u2019s leading private hospital group and their broad hospital network features health centres throughout Spain including Madrid, Barcelona, Alicante and Marbella. They provide highly personalised treatment and will assign to you a personal health adviser with whom you can speak your own language and who will be by your side throughout the entire process.\r\nContact: www.quironsalud.es\r\n<\/p>\r\n\r\n[\/et_pb_text][\/et_pb_column][\/et_pb_row][\/et_pb_section]","_et_gb_content_width":"","footnotes":""},"class_list":["post-49181","page","type-page","status-publish","hentry"],"acf":[],"_links":{"self":[{"href":"https:\/\/marleypropertiesmarbella.com\/sv\/wp-json\/wp\/v2\/pages\/49181","targetHints":{"allow":["GET"]}}],"collection":[{"href":"https:\/\/marleypropertiesmarbella.com\/sv\/wp-json\/wp\/v2\/pages"}],"about":[{"href":"https:\/\/marleypropertiesmarbella.com\/sv\/wp-json\/wp\/v2\/types\/page"}],"author":[{"embeddable":true,"href":"https:\/\/marleypropertiesmarbella.com\/sv\/wp-json\/wp\/v2\/users\/1"}],"replies":[{"embeddable":true,"href":"https:\/\/marleypropertiesmarbella.com\/sv\/wp-json\/wp\/v2\/comments?post=49181"}],"version-history":[{"count":4,"href":"https:\/\/marleypropertiesmarbella.com\/sv\/wp-json\/wp\/v2\/pages\/49181\/revisions"}],"predecessor-version":[{"id":49185,"href":"https:\/\/marleypropertiesmarbella.com\/sv\/wp-json\/wp\/v2\/pages\/49181\/revisions\/49185"}],"wp:attachment":[{"href":"https:\/\/marleypropertiesmarbella.com\/sv\/wp-json\/wp\/v2\/media?parent=49181"}],"curies":[{"name":"wp","href":"https:\/\/api.w.org\/{rel}","templated":true}]}}