{"id":48910,"date":"2017-07-25T11:29:24","date_gmt":"2017-07-25T11:29:24","guid":{"rendered":"http:\/\/marleypropertiesmarbella.com\/sotogrande-alcaidesa\/"},"modified":"2017-07-26T16:02:07","modified_gmt":"2017-07-26T16:02:07","slug":"sotogrande-alcaidesa","status":"publish","type":"page","link":"https:\/\/marleypropertiesmarbella.com\/sv\/sotogrande-alcaidesa\/","title":{"rendered":"Sotogrande &#8211; Alcaidesa"},"content":{"rendered":"<p>[et_pb_section bb_built=&#8221;1&#8243; admin_label=&#8221;Section&#8221; fullwidth=&#8221;on&#8221; specialty=&#8221;off&#8221;][et_pb_fullwidth_image admin_label=&#8221;Fullwidth Image&#8221; _builder_version=&#8221;3.0.51&#8243; src=&#8221;https:\/\/marleypropertiesmarbella.com\/wp-content\/uploads\/2017\/06\/banner-sotogrande.jpg&#8221; show_in_lightbox=&#8221;off&#8221; url_new_window=&#8221;off&#8221; use_overlay=&#8221;off&#8221; border_style=&#8221;solid&#8221; animation=&#8221;left&#8221; \/][\/et_pb_section][et_pb_section bb_built=&#8221;1&#8243; admin_label=&#8221;section&#8221;][et_pb_row admin_label=&#8221;row&#8221; background_position=&#8221;top_left&#8221; background_repeat=&#8221;repeat&#8221; background_size=&#8221;initial&#8221;][et_pb_column type=&#8221;4_4&#8243;][et_pb_text admin_label=&#8221;Text&#8221; _builder_version=&#8221;3.0.51&#8243; background_layout=&#8221;light&#8221; text_orientation=&#8221;left&#8221; border_style=&#8221;solid&#8221;]<\/p>\n<h2><span style=\"color: #68baec;\">Sotogrande &amp; Alcaidesa<\/span><\/h2>\n<p>&nbsp;<\/p>\n<p>Sotogrande kombinerar Marbella och Puerto Banus glamour med sin mycket unika st\u00e4mpel av elegans och \u00e4r en favorit bland k\u00e4ndisar som vill ha lite mer utrymme f\u00f6r att varva ner. Bel\u00e4get vid den v\u00e4stra \u00e4nden av Costa del Sol \u00e4r det en av de mest lyxiga sport och bostadsutvecklingarna i Spanien. Utforska det livliga Sotogrande Marina full av Medelhavets glamour och charm eller bes\u00f6k Santa Maria de Sotogrande poloklubb d\u00e4r turneringar tar plats under hela \u00e5ret.<\/p>\n<p>Sotogrande \u00e4r utm\u00e4rkt f\u00f6r golfare och det \u00e4r hem till den v\u00e4rldsber\u00f6mda Valderrama golf course som har v\u00e4rd f\u00f6r Volvo Masters och Ryder Cup. Angr\u00e4nsande banor finns i San Roque. I La Alcaidesa golf resort erbjuds du tv\u00e5 mycket popul\u00e4ra och givande golfbanor med fantastisk havsutsikt. Gibraltars berg och \u00e4ven Marockos Atlasberg ser du ocks\u00e5 under rundan. Alcaidesa erbjuder ocks\u00e5 en m\u00e4ngd olika fastigheter till salu till de som s\u00f6ker naturlig sk\u00f6nhet och lugn.<\/p>\n<p>Levande Sotogrande hamn ligger i linje med den lyxiga k\u00e4nslan av omgivningen. Dess arkitektur har inspirerats av kanalsystemet i Venedig vilket g\u00f6r det till en av de mest unika marinorna p\u00e5 Costa del Sol. Alla restauranger och faciliteter h\u00e4r \u00e4r av v\u00e4rldsklass. Trocadero Beach Club med sina solstolar och pooler har blivit en favorit m\u00f6tesplats f\u00f6r boende och med exklusiva butiker som kommer att tillfredsst\u00e4lla de mest kr\u00e4vande shopparna. Sotogrande Marina \u00e4r utrustad med alla bekv\u00e4mligheter du kan f\u00f6rv\u00e4nta dig som b\u00e5t\u00e4gare, det finns gym, duschar, bastuutrymmen och heliport. Den prestigefyllda sm\u00e5b\u00e5tshamnen i Sotogrande har med sina lyxhem blivit en synonym f\u00f6r chic och glamour p\u00e5 Costa del Sol.<\/p>\n<p>Sotogrande efterfr\u00e5gas p\u00e5 Costa del Sol av m\u00e4nniskor som s\u00f6ker en lyxig livsstil och av en unik k\u00e4nsla utan de stora folkmassorna. Allt detta framg\u00e5r av de vackra yachterna i hamnen, ett vackert och varierat urval av nybyggda fastigheter och superbilar. En sann gl\u00e4dje \u00e5ret runt.<\/p>\n<div style=\"margin-top:30px\">\n<p class=\"spain-button\"><a href=\"https:\/\/marleypropertiesmarbella.com\/sv\/frigiliana\/\" title=\"Frigiliana\" >Frigiliana<\/a><a href=\"https:\/\/marleypropertiesmarbella.com\/sv\/malaga\/\" title=\"Malaga\" >Malaga<\/a><a href=\"https:\/\/marleypropertiesmarbella.com\/sv\/benalmadena\/\" title=\"Benalmadena\" >Benalmadena<\/a><a href=\"https:\/\/marleypropertiesmarbella.com\/sv\/fuengirola\/\" title=\"Fuengirola\" >Fuengirola<\/a><a href=\"https:\/\/marleypropertiesmarbella.com\/sv\/mijas-costa\/\" title=\"Mijas Costa\" >Mijas Costa<\/a><a href=\"https:\/\/marleypropertiesmarbella.com\/sv\/estepona\/\" title=\"Estepona\" >Estepona<\/a><a href=\"https:\/\/marleypropertiesmarbella.com\/sv\/marbella\/\" title=\"Marbella\" >Marbella<\/a><a href=\"https:\/\/marleypropertiesmarbella.com\/sv\/manilva-la-duquesa\/\" title=\"Manilva - La Duquesa\" >Manilva - La Duquesa<\/a><a href=\"https:\/\/marleypropertiesmarbella.com\/sv\/sotogrande-alcaidesa\/\" title=\"Sotogrande - Alcaidesa\" >Sotogrande - Alcaidesa<\/a><\/p>\n<\/div>\n<p>[\/et_pb_text][\/et_pb_column][\/et_pb_row][\/et_pb_section]<\/p>\n","protected":false},"excerpt":{"rendered":"<p>Sotogrande &amp; Alcaidesa &nbsp; Sotogrande kombinerar Marbella och Puerto Banus glamour med sin mycket unika st\u00e4mpel av elegans och \u00e4r en favorit bland k\u00e4ndisar som vill ha lite mer utrymme f\u00f6r att varva ner. Bel\u00e4get vid den v\u00e4stra \u00e4nden av Costa del Sol \u00e4r det en av de mest lyxiga sport och bostadsutvecklingarna i Spanien. [&hellip;]<\/p>\n","protected":false},"author":1,"featured_media":0,"parent":0,"menu_order":9,"comment_status":"closed","ping_status":"closed","template":"","meta":{"_acf_changed":false,"_et_pb_use_builder":"on","_et_pb_old_content":"[et_pb_section bb_built=\"1\" admin_label=\"Section\" fullwidth=\"on\" specialty=\"off\"][et_pb_fullwidth_image admin_label=\"Fullwidth Image\" _builder_version=\"3.0.51\" src=\"https:\/\/marleypropertiesmarbella.com\/wp-content\/uploads\/2017\/06\/banner-sotogrande.jpg\" show_in_lightbox=\"off\" url_new_window=\"off\" use_overlay=\"off\" border_style=\"solid\" animation=\"left\" \/][\/et_pb_section][et_pb_section bb_built=\"1\" admin_label=\"section\"][et_pb_row admin_label=\"row\" background_position=\"top_left\" background_repeat=\"repeat\" background_size=\"initial\"][et_pb_column type=\"4_4\"][et_pb_text admin_label=\"Text\" _builder_version=\"3.0.51\" background_layout=\"light\" text_orientation=\"left\" border_style=\"solid\"]\r\n\r\n<h2><span style=\"color: #68baec;\">Sotogrande & Alcaidesa<\/span><\/h2>\r\n\u00a0\r\n\r\nSotogrande combines the glamour of Marbella and Puerto Banus with its very unique stamp of sophistication, and has become a favourite amongst celebrities who want a little more space to unwind. Located at the western end of the Costa del Sol, it is one of the most luxurious sports and residential developments in Spain. Explore its vibrant Sotogrande Marina full of Mediterranean glamour and easy going charm or visit Santa Maria de Sotogrande polo club where tournaments take a place throughout the year.\r\n\r\nSotogrande is great for golfers and it is home to the world famous Valderrama Golf Course, which has hosted the Volvo Masters and Ryder Cup. The neighbouring courses of San Roque, especially the old course, are a delight with La Alcaidesa Golf Resort offering two very popular and rewarding golf courses featuring with stunning sea views including the Rock of Gibraltar and even Morocco\u2019s Rif Mountains. Alcaidesa also offers a variety of properties for sale amongst natural beauty and tranquillity.\r\n\r\nVibrant Sotogrande Port is in keeping with the luxury feel of its surroundings. Its architecture has been inspired by the canal system in Venice making it one of the most unique marinas on the Costa del Sol. All restaurants and facilities here are world class. Trocadero Beach Club with its sunbeds and swimming pools has become a favourite meeting point for residents, and exclusive boutiques will satisfy the most demanding shopaholics.World class Sotogrande Marina is equipped with all the amenities you might expect \u2013 there is a gymnasium, showers, sauna facilities, a marine supply store of course, and for the wealthier residents even a heliport. The prestigious marina of Sotogrande with its luxury homes has become a synonym for a chic and glamourous lifestyle on the Costa del Sol.\r\n\r\nSotogrande is in high demand on the Costa del Sol for people who are looking for a luxury lifestyle and a feeling of uniqueness, without the crowds. This alluring way of life is evidenced by the beautiful yachts in the harbour, a gorgeous and varied selection of new built properties in Sotogrande, and supercars that cruise manicured streets. A delight year around.\r\n\r\n<div style=\"margin-top:30px\">\r\n[show-locations]\r\n<\/div>\r\n\r\n[\/et_pb_text][\/et_pb_column][\/et_pb_row][\/et_pb_section]","_et_gb_content_width":"","footnotes":""},"class_list":["post-48910","page","type-page","status-publish","hentry"],"acf":[],"_links":{"self":[{"href":"https:\/\/marleypropertiesmarbella.com\/sv\/wp-json\/wp\/v2\/pages\/48910","targetHints":{"allow":["GET"]}}],"collection":[{"href":"https:\/\/marleypropertiesmarbella.com\/sv\/wp-json\/wp\/v2\/pages"}],"about":[{"href":"https:\/\/marleypropertiesmarbella.com\/sv\/wp-json\/wp\/v2\/types\/page"}],"author":[{"embeddable":true,"href":"https:\/\/marleypropertiesmarbella.com\/sv\/wp-json\/wp\/v2\/users\/1"}],"replies":[{"embeddable":true,"href":"https:\/\/marleypropertiesmarbella.com\/sv\/wp-json\/wp\/v2\/comments?post=48910"}],"version-history":[{"count":2,"href":"https:\/\/marleypropertiesmarbella.com\/sv\/wp-json\/wp\/v2\/pages\/48910\/revisions"}],"predecessor-version":[{"id":49085,"href":"https:\/\/marleypropertiesmarbella.com\/sv\/wp-json\/wp\/v2\/pages\/48910\/revisions\/49085"}],"wp:attachment":[{"href":"https:\/\/marleypropertiesmarbella.com\/sv\/wp-json\/wp\/v2\/media?parent=48910"}],"curies":[{"name":"wp","href":"https:\/\/api.w.org\/{rel}","templated":true}]}}