{"id":48909,"date":"2017-07-25T11:28:54","date_gmt":"2017-07-25T11:28:54","guid":{"rendered":"http:\/\/marleypropertiesmarbella.com\/manilva-la-duquesa\/"},"modified":"2017-07-26T16:01:04","modified_gmt":"2017-07-26T16:01:04","slug":"manilva-la-duquesa","status":"publish","type":"page","link":"https:\/\/marleypropertiesmarbella.com\/sv\/manilva-la-duquesa\/","title":{"rendered":"Manilva &#8211; La Duquesa"},"content":{"rendered":"<p>[et_pb_section bb_built=&#8221;1&#8243; admin_label=&#8221;Section&#8221; fullwidth=&#8221;on&#8221; specialty=&#8221;off&#8221;][et_pb_fullwidth_image admin_label=&#8221;Fullwidth Image&#8221; _builder_version=&#8221;3.0.51&#8243; src=&#8221;https:\/\/marleypropertiesmarbella.com\/wp-content\/uploads\/2017\/06\/banner-manilva.jpg&#8221; show_in_lightbox=&#8221;off&#8221; url_new_window=&#8221;off&#8221; use_overlay=&#8221;off&#8221; border_style=&#8221;solid&#8221; animation=&#8221;left&#8221; \/][\/et_pb_section][et_pb_section bb_built=&#8221;1&#8243; admin_label=&#8221;section&#8221;][et_pb_row admin_label=&#8221;row&#8221; background_position=&#8221;top_left&#8221; background_repeat=&#8221;repeat&#8221; background_size=&#8221;initial&#8221;][et_pb_column type=&#8221;4_4&#8243;][et_pb_text admin_label=&#8221;Text&#8221; _builder_version=&#8221;3.0.51&#8243; background_layout=&#8221;light&#8221; text_orientation=&#8221;left&#8221; border_style=&#8221;solid&#8221;]<\/p>\n<h2><span style=\"color: #68baec;\">Manilva &amp; La Duquesa<\/span><\/h2>\n<p>&nbsp;<\/p>\n<p>Manilva \u00e4r en spansk kommun med 14 750 inv\u00e5nare (2016).<\/p>\n<p>En av de mest charmiga aspekterna av Manilva \u00e4r att det finns en uppfriskande brist p\u00e5 h\u00f6ga byggnader i kommunen vilket beror p\u00e5 r\u00e5dhuset som vill skydda omr\u00e5dets naturliga och visuella integritet. Manilva har en fascinerande historia som g\u00e5r tillbaka till romartiden och best\u00e5r av flera samh\u00e4llen, kuststaden San Luis de Sabinillas, den attraktiva Duquesa hamnen och bara n\u00e5gra kilometer in\u00e5t den vita byn Manilva.<\/p>\n<p>Manilva \u00e4r bel\u00e4gen i det sydv\u00e4stra h\u00f6rnet av Costa del Sol och till provinshuvudstaden Malaga \u00e4r det 97 km. Manilva gr\u00e4nsar i \u00f6ster till Estepona, i norr till Casares och i v\u00e4ster till C\u00e1dizprovinsen. Den har l\u00e5nga str\u00e4nder med ett vatten som anses som ett av de b\u00e4sta i Europa och med en vacker lantlig sida som inbjuder dig att vila och andas lugn.<\/p>\n<p>Inb\u00e4ddat halvv\u00e4gs mellan Marbella och Sotogrande ligger en av de vackraste marinorna p\u00e5 Costa del Sol &#8211; La Duquesa. Det \u00e4r en livlig sm\u00e5b\u00e5tshamn som anv\u00e4nds idag av allt fr\u00e5n lokala fiskare till b\u00e5tfolk och som lockar turister fr\u00e5n alla nationaliteter.<\/p>\n<p>Den vackra Duquesa hamnen erbjuder fulla marina tj\u00e4nster samt ett stort urval av attraktioner f\u00f6r dem som f\u00f6redrar att bo p\u00e5 land. Promenaderna runt Duquesa hamnen erbjuder en m\u00e4ngd restauranger, barer och kaf\u00e9er. De stora m\u00f6jligheterna att \u00e4ta ute i Duquesa inkluderar bl.a. franska, italienska, kinesiska, thail\u00e4ndska, indiska k\u00f6k och naturligtvis ett stort urval spanska tapasbarer. Allt detta g\u00f6r La Duquesa till en idealisk balans i avslappnat boende med enkel tillg\u00e5ng till alla t\u00e4nkbara bekv\u00e4mligheter. La Duquesa har i snitt 320 soldagar om \u00e5ret och medeltemperaturen under de 6 kallaste m\u00e5naderna \u00e4r ca 21 grader, och under det varma halv\u00e5ret ca 30 grader.<\/p>\n<p>Inom en kort promenad till v\u00e4ster fr\u00e5n Port La Duquesa hittar du ett av de viktigaste monumenten i Manilva, El Castillo de la Duquesa. Det byggdes 1767 i den gamla romerska fiskarstaden f\u00f6r att f\u00f6rsvara kusten fr\u00e5n piratinvasioner och anv\u00e4nds numera ofta f\u00f6r lokala utst\u00e4llningar.<\/p>\n<p>Det \u00e4r ocks\u00e5 en fantastisk plats f\u00f6r golf\u00e4lskare. Inom en kort bilresa kan du hitta en rad av de b\u00e4sta golfbanorna p\u00e5 Costa del sol, v\u00e4rldsber\u00f6mda Finca Cortesin, Valle Romano, Estepona Golf, och m\u00e5nga fler. De som gillar att spendera tid utomhus kommer att k\u00e4nna sig riktigt hemma h\u00e4r.<\/p>\n<p>Manilva omr\u00e5det v\u00e4xer och f\u00f6r varje \u00e5r v\u00e4ljer fler m\u00e4nniskor Manilva och La Duquesa som ett idealiskt st\u00e4lle f\u00f6r sitt semesterhus p\u00e5 Costa del Sol. Det r\u00e5der ingen tvekan om att Manilva och La Duquesa hamn snabbt blivit ett av de mest efterfr\u00e5gade omr\u00e5dena p\u00e5 Costa del Sol.<\/p>\n<div style=\"margin-top:30px\">\n<p class=\"spain-button\"><a href=\"https:\/\/marleypropertiesmarbella.com\/sv\/frigiliana\/\" title=\"Frigiliana\" >Frigiliana<\/a><a href=\"https:\/\/marleypropertiesmarbella.com\/sv\/malaga\/\" title=\"Malaga\" >Malaga<\/a><a href=\"https:\/\/marleypropertiesmarbella.com\/sv\/benalmadena\/\" title=\"Benalmadena\" >Benalmadena<\/a><a href=\"https:\/\/marleypropertiesmarbella.com\/sv\/fuengirola\/\" title=\"Fuengirola\" >Fuengirola<\/a><a href=\"https:\/\/marleypropertiesmarbella.com\/sv\/mijas-costa\/\" title=\"Mijas Costa\" >Mijas Costa<\/a><a href=\"https:\/\/marleypropertiesmarbella.com\/sv\/estepona\/\" title=\"Estepona\" >Estepona<\/a><a href=\"https:\/\/marleypropertiesmarbella.com\/sv\/marbella\/\" title=\"Marbella\" >Marbella<\/a><a href=\"https:\/\/marleypropertiesmarbella.com\/sv\/manilva-la-duquesa\/\" title=\"Manilva - La Duquesa\" >Manilva - La Duquesa<\/a><a href=\"https:\/\/marleypropertiesmarbella.com\/sv\/sotogrande-alcaidesa\/\" title=\"Sotogrande - Alcaidesa\" >Sotogrande - Alcaidesa<\/a><\/p>\n<\/div>\n<p>[\/et_pb_text][\/et_pb_column][\/et_pb_row][\/et_pb_section]<\/p>\n","protected":false},"excerpt":{"rendered":"<p>Manilva &amp; La Duquesa &nbsp; Manilva \u00e4r en spansk kommun med 14 750 inv\u00e5nare (2016). En av de mest charmiga aspekterna av Manilva \u00e4r att det finns en uppfriskande brist p\u00e5 h\u00f6ga byggnader i kommunen vilket beror p\u00e5 r\u00e5dhuset som vill skydda omr\u00e5dets naturliga och visuella integritet. Manilva har en fascinerande historia som g\u00e5r tillbaka [&hellip;]<\/p>\n","protected":false},"author":1,"featured_media":0,"parent":0,"menu_order":8,"comment_status":"closed","ping_status":"closed","template":"","meta":{"_acf_changed":false,"_et_pb_use_builder":"on","_et_pb_old_content":"[et_pb_section bb_built=\"1\" admin_label=\"Section\" fullwidth=\"on\" specialty=\"off\"][et_pb_fullwidth_image admin_label=\"Fullwidth Image\" _builder_version=\"3.0.51\" src=\"https:\/\/marleypropertiesmarbella.com\/wp-content\/uploads\/2017\/06\/banner-manilva.jpg\" show_in_lightbox=\"off\" url_new_window=\"off\" use_overlay=\"off\" border_style=\"solid\" animation=\"left\" \/][\/et_pb_section][et_pb_section bb_built=\"1\" admin_label=\"section\"][et_pb_row admin_label=\"row\" background_position=\"top_left\" background_repeat=\"repeat\" background_size=\"initial\"][et_pb_column type=\"4_4\"][et_pb_text admin_label=\"Text\" _builder_version=\"3.0.51\" background_layout=\"light\" text_orientation=\"left\" border_style=\"solid\"]\r\n\r\n<h2><span style=\"color: #68baec;\">Manilva & La Duquesa<\/span><\/h2>\r\n\u00a0\r\n\r\nOne of the most charming aspects of Manilva, is that there is a refreshing lack of sky-scraper style constructions, which is in part thanks to the town hall wanting to protect the natural and visual integrity of the area. Manilva is in a prime location on the Costa del Sol and has a fascinating history which dates back to Roman times. It consists of several communities \u2013 the coastal town San Luis de Sabinillas, attractive Duquesa Port and just a few kilometres inland the white village of Manilva itself.\r\n\r\nManilva is the most western municipality of Malaga and it is bordered by San Roque and Sotogrande to the west and by Casares and Estepona to the east. It has eight kilometres of sandy wide beaches and beautiful countryside that invites you to rest and breathe peace.\r\n\r\nNestled half way between Marbella and Sotogrande is one of the most beautiful marinas on the Costa del Sol \u2013 La Duquesa. It is a lively community with a marina used by leisure craft that attracts residents and tourists of all ages and nationalities.\r\n\r\nThe beautiful Duquesa port offers full Marina services for sailors as well as a great selection of attractions for those who prefer to stay on land. The attractive promenades around Duquesa Port offer a variety of restaurants, busy bars and cafes to enjoy al fresco dining. The vast options of eating out in Duquesa include French, Italian, Chinese, Thai, Indian and of course a great selection of Spanish tapas bars. All this makes La Duquesa an ideal balance of relaxed living with easy access to every imaginable amenity.\r\n\r\nWithin a short walk to the west from the Port La Duquesa you will find one of the most important monuments of Manilva - El Castillo de la Duquesa. It was built in 1767, in the ancient Roman Town, to defend the coast from pirate invasions and is now frequently used for local exhibitions.\r\n\r\nIt is also a fantastic place for golf lovers. Within a very short drive you can find a range of top Costa del Sol golf courses \u2013 world famous Finca Cortesin, Valle Romano, Estepona Golf, and many more. Those who like spending time outdoors will feel right at home here.\r\n\r\nThere is a large and fast growing expat community around the Manilva area and every year more people select Manilva and La Duquesa as an ideal location for their holiday home on the Costa del Sol. There is no doubt that Manilva and La Duquesa port are fast becoming one of the most requested areas on the Costa del Sol.\r\n\r\n<div style=\"margin-top:30px\">\r\n[show-locations]\r\n<\/div>\r\n\r\n[\/et_pb_text][\/et_pb_column][\/et_pb_row][\/et_pb_section]","_et_gb_content_width":"","footnotes":""},"class_list":["post-48909","page","type-page","status-publish","hentry"],"acf":[],"_links":{"self":[{"href":"https:\/\/marleypropertiesmarbella.com\/sv\/wp-json\/wp\/v2\/pages\/48909","targetHints":{"allow":["GET"]}}],"collection":[{"href":"https:\/\/marleypropertiesmarbella.com\/sv\/wp-json\/wp\/v2\/pages"}],"about":[{"href":"https:\/\/marleypropertiesmarbella.com\/sv\/wp-json\/wp\/v2\/types\/page"}],"author":[{"embeddable":true,"href":"https:\/\/marleypropertiesmarbella.com\/sv\/wp-json\/wp\/v2\/users\/1"}],"replies":[{"embeddable":true,"href":"https:\/\/marleypropertiesmarbella.com\/sv\/wp-json\/wp\/v2\/comments?post=48909"}],"version-history":[{"count":2,"href":"https:\/\/marleypropertiesmarbella.com\/sv\/wp-json\/wp\/v2\/pages\/48909\/revisions"}],"predecessor-version":[{"id":49084,"href":"https:\/\/marleypropertiesmarbella.com\/sv\/wp-json\/wp\/v2\/pages\/48909\/revisions\/49084"}],"wp:attachment":[{"href":"https:\/\/marleypropertiesmarbella.com\/sv\/wp-json\/wp\/v2\/media?parent=48909"}],"curies":[{"name":"wp","href":"https:\/\/api.w.org\/{rel}","templated":true}]}}