{"id":48908,"date":"2017-07-25T11:28:27","date_gmt":"2017-07-25T11:28:27","guid":{"rendered":"http:\/\/marleypropertiesmarbella.com\/marbella\/"},"modified":"2017-07-26T15:59:52","modified_gmt":"2017-07-26T15:59:52","slug":"marbella","status":"publish","type":"page","link":"https:\/\/marleypropertiesmarbella.com\/sv\/marbella\/","title":{"rendered":"Marbella"},"content":{"rendered":"<p>[et_pb_section bb_built=&#8221;1&#8243; admin_label=&#8221;Section&#8221; fullwidth=&#8221;on&#8221; specialty=&#8221;off&#8221;][et_pb_fullwidth_image admin_label=&#8221;Fullwidth Image&#8221; _builder_version=&#8221;3.0.51&#8243; src=&#8221;https:\/\/marleypropertiesmarbella.com\/wp-content\/uploads\/2017\/06\/banner-marbella.jpg&#8221; show_in_lightbox=&#8221;off&#8221; url_new_window=&#8221;off&#8221; use_overlay=&#8221;off&#8221; border_style=&#8221;solid&#8221; animation=&#8221;left&#8221; \/][\/et_pb_section][et_pb_section bb_built=&#8221;1&#8243; admin_label=&#8221;section&#8221;][et_pb_row admin_label=&#8221;row&#8221; background_position=&#8221;top_left&#8221; background_repeat=&#8221;repeat&#8221; background_size=&#8221;initial&#8221;][et_pb_column type=&#8221;4_4&#8243;][et_pb_text admin_label=&#8221;Text&#8221; _builder_version=&#8221;3.0.51&#8243; background_layout=&#8221;light&#8221; text_orientation=&#8221;left&#8221; border_style=&#8221;solid&#8221;]<\/p>\n<h2><span style=\"color: #68baec;\">Marbella<\/span><\/h2>\n<p>&nbsp;<\/p>\n<p>Marbella beh\u00f6ver ingen introduktion den \u00e4r en av de st\u00f6rsta attraktionerna p\u00e5 Costa del Sol. Marbella \u00e4r en glamor\u00f6s hot spot f\u00f6r de rika och k\u00e4nda och \u00e4r en av de rikaste regionerna i Spanien. Den har sin egen unika k\u00e4nsla av kultur med evenemang, festivaler, teatrar och parker. D\u00e4r finns restauranger med Michelin stj\u00e4rnor, k\u00e4nda str\u00e4nder och strandklubbar. Det \u00e4r verkligen en adress som m\u00e5nga m\u00e4nniskor vill ha.<\/p>\n<p>Marbella \u00e4r ett kosmopolitiskt och ett lyxigt resm\u00e5l, hem till n\u00e5gra av v\u00e4rldens rika och k\u00e4nda, en favorit semesterplats f\u00f6r m\u00e5nga f\u00f6rst\u00e4rkt av utl\u00e4ndska inv\u00e5nare som f\u00f6rf\u00f6rts av livsstil och glamour. Gamla staden med sin typiska andalusiska arkitektur och charm. Marbella stoltserar ocks\u00e5 med sin l\u00e5nga strandpromenad som str\u00e4cker sig l\u00e4ngs vackra vita sandstr\u00e4nder 30 km l\u00e4ngs kustlinjen. Perfekt f\u00f6r l\u00f6pning, rullskridskor eller bara en promenad vid solnedg\u00e5ngen. Strandbarerna \u00e4r m\u00e5nga och erbjuder en lyxig k\u00e4nsla av Medelhavet.<\/p>\n<p>Marbella har 30 kilometer kust och inkluderar exklusiva omr\u00e5den som Elviria som \u00e4r hem till ber\u00f6mda Nikki Beach och Don Carlos Hotel.<\/p>\n<p>Cabopino hamnen med sin sofistikerade k\u00e4nsla och popul\u00e4ra str\u00e4nder och restauranger.<\/p>\n<p>Bara sex kilometer v\u00e4sterut fr\u00e5n Marbella centrum hittar du den ber\u00f6mda hamnen Puerto Banus en lyxig marina med flera k\u00f6pcentrum, kopplat till den ber\u00f6mda Golden Mile. Hamnen reflekterar en exklusiv livsstil och om du gillar att titta p\u00e5 folk s\u00e5 \u00e4r det h\u00e4r du kan se k\u00e4nda ansikten som blandas i massorna av lyxiga b\u00e5tar och bilar.<\/p>\n<p>San Pedro de Alcantara \u00e4r en typisk spansk stad med en livlig kust som ligger bara tre kilometer v\u00e4ster om Puerto Banus. Den har typisk andalusisk charm och med sin n\u00e4rhet till Puerto Banus har det blivit ett mycket popul\u00e4rt st\u00e4lle att bo i f\u00f6r m\u00e5nga de senaste \u00e5ren. Norr om San Pedro de Alcantara uppe i bergen, hittar du det mest exklusiva gated community p\u00e5 Costa del Sol &#8211; La Zagaleta. Det \u00e4r ett lyxigt omr\u00e5de med den h\u00f6gsta koncentrationen av rikedom p\u00e5 Costa del Sol.<\/p>\n<p>Marbella \u00e4r allm\u00e4nt k\u00e4nt f\u00f6r sina m\u00e4ssor och festligheter. P\u00e5 sommaren \u00e4r en av de st\u00f6rsta evenemangen Starlite Festival, en m\u00e5nad konserter som utf\u00f6rs av v\u00e4rldens st\u00f6rsta namn inom musik och lockar varje \u00e5r tusentals bes\u00f6kare till sina intima arenor.<\/p>\n<p>Marbella och Puerto Banus \u00e4r de mest k\u00e4nda orterna p\u00e5 Costa del Sol och \u00e4r n\u00e5gra av de mest glamor\u00f6sa platserna i Europa.<\/p>\n<p>Marbella \u00e4r idag det omr\u00e5de som \u00e4r mest popul\u00e4rt att k\u00f6pa ett hem eller investera i p\u00e5 Costa del sol.<\/p>\n<div style=\"margin-top:30px\">\n<p class=\"spain-button\"><a href=\"https:\/\/marleypropertiesmarbella.com\/sv\/frigiliana\/\" title=\"Frigiliana\" >Frigiliana<\/a><a href=\"https:\/\/marleypropertiesmarbella.com\/sv\/malaga\/\" title=\"Malaga\" >Malaga<\/a><a href=\"https:\/\/marleypropertiesmarbella.com\/sv\/benalmadena\/\" title=\"Benalmadena\" >Benalmadena<\/a><a href=\"https:\/\/marleypropertiesmarbella.com\/sv\/fuengirola\/\" title=\"Fuengirola\" >Fuengirola<\/a><a href=\"https:\/\/marleypropertiesmarbella.com\/sv\/mijas-costa\/\" title=\"Mijas Costa\" >Mijas Costa<\/a><a href=\"https:\/\/marleypropertiesmarbella.com\/sv\/estepona\/\" title=\"Estepona\" >Estepona<\/a><a href=\"https:\/\/marleypropertiesmarbella.com\/sv\/marbella\/\" title=\"Marbella\" >Marbella<\/a><a href=\"https:\/\/marleypropertiesmarbella.com\/sv\/manilva-la-duquesa\/\" title=\"Manilva - La Duquesa\" >Manilva - La Duquesa<\/a><a href=\"https:\/\/marleypropertiesmarbella.com\/sv\/sotogrande-alcaidesa\/\" title=\"Sotogrande - Alcaidesa\" >Sotogrande - Alcaidesa<\/a><\/p>\n<\/div>\n<p>[\/et_pb_text][\/et_pb_column][\/et_pb_row][\/et_pb_section]<\/p>\n","protected":false},"excerpt":{"rendered":"<p>Marbella &nbsp; Marbella beh\u00f6ver ingen introduktion den \u00e4r en av de st\u00f6rsta attraktionerna p\u00e5 Costa del Sol. Marbella \u00e4r en glamor\u00f6s hot spot f\u00f6r de rika och k\u00e4nda och \u00e4r en av de rikaste regionerna i Spanien. Den har sin egen unika k\u00e4nsla av kultur med evenemang, festivaler, teatrar och parker. D\u00e4r finns restauranger med [&hellip;]<\/p>\n","protected":false},"author":1,"featured_media":0,"parent":0,"menu_order":7,"comment_status":"closed","ping_status":"closed","template":"","meta":{"_acf_changed":false,"_et_pb_use_builder":"on","_et_pb_old_content":"[et_pb_section bb_built=\"1\" admin_label=\"Section\" fullwidth=\"on\" specialty=\"off\"][et_pb_fullwidth_image admin_label=\"Fullwidth Image\" _builder_version=\"3.0.51\" src=\"https:\/\/marleypropertiesmarbella.com\/wp-content\/uploads\/2017\/06\/banner-marbella.jpg\" show_in_lightbox=\"off\" url_new_window=\"off\" use_overlay=\"off\" border_style=\"solid\" animation=\"left\" \/][\/et_pb_section][et_pb_section bb_built=\"1\" admin_label=\"section\"][et_pb_row admin_label=\"row\" background_position=\"top_left\" background_repeat=\"repeat\" background_size=\"initial\"][et_pb_column type=\"4_4\"][et_pb_text admin_label=\"Text\" _builder_version=\"3.0.51\" background_layout=\"light\" text_orientation=\"left\" border_style=\"solid\"]\r\n\r\n<h2><span style=\"color: #68baec;\">Marbella<\/span><\/h2>\r\n\u00a0\r\n\r\nMarbella needs no introduction. It has become one of the main points of attraction on the Costa del Sol. \u00a0It is a glamorous hotspot for the wealthy and famous, and one of the richest regions of Spain.\u00a0 It has its own unique feel and culture with events and festivals, theatres, parks, Michelin star restaurants, famous beaches and beach clubs. It really is an address many people want.\r\n\r\nMarbella has 30 kilometres of coastline and includes up market exclusive areas such as Elviria, which is home to the famous Nikki Beach and Don Carlos Hotel, Cabopino Port with its sophisticated feel and popular beaches, and of course Puerto Banus with its famous port, restaurants and high end boutiques.\r\n\r\nMarbella is a cosmopolitan and luxury destination and home to some of the world\u2019s rich and famous as well as a favourite holiday location for many, boosted by foreign residents who are seduced by the lifestyle and glitz. The Old Town, with its typical Andalusian architecture is absolutely charming, and Marbella's long promenade that runs along gorgeous sandy beaches for most of the 30km\u2019s of the town's coastline is perfect for running, rollerblading, or just a stroll at sunset. Perfect for running, rollerblading, or just a stroll at sunset. The beach bars are plentiful and offer the feel of the breeze off the Mediterranean while enjoying the multiculturalism, ambiance, and gastronomy that represents Marbella.\r\n\r\nJust six kilometres to the west of Marbella centre, you will find famous Puerto Banus \u2013 a luxury marina and shopping centre, linked by the famous Golden Mile. Everything around reflects an exclusive lifestyle and if you enjoy people-watching this is the place, with famous faces mingling in the crowds.\r\n\r\nSan Pedro de Alcantara is a typical Spanish town with a buzzing coastline located just three kilometres west of Puerto Banus. It has typical Andalusian charm and with its proximity to Puerto Banus it has become a very popular place to live in Spain for foreigners and Spaniards alike. North of San Pedro de Alcantara up in the hills, you will find the most exclusive gated community on the Costa del Sol \u2013 La Zagaleta. It is a luxury country community with the highest concentration of wealth on the Costa del Sol.\r\n\r\nMarbella is widely known for its fairs and festivities. In the summer, one of the largest Marbella events is the Starlite Festival \u2013 a month of concerts performed by the world\u2019s biggest names in music, which every year attracts thousands of visitors to its intimate venues.\r\n\r\nMarbella is definitely one of the best places on the Costa del Sol to invest in real estate or purchase a holiday home. There are many up market developments and luxury villas for sale, and Marbella will long continue to be an area popular for buying a home or investing.\r\n\r\nMarbella and Puerto Banus are the best-known resorts on the Costa del Sol and enjoy a reputation as one of the most glamorous locations in Europe.\r\n\r\n<div style=\"margin-top:30px\">\r\n[show-locations]\r\n<\/div>\r\n\r\n[\/et_pb_text][\/et_pb_column][\/et_pb_row][\/et_pb_section]","_et_gb_content_width":"","footnotes":""},"class_list":["post-48908","page","type-page","status-publish","hentry"],"acf":[],"_links":{"self":[{"href":"https:\/\/marleypropertiesmarbella.com\/sv\/wp-json\/wp\/v2\/pages\/48908","targetHints":{"allow":["GET"]}}],"collection":[{"href":"https:\/\/marleypropertiesmarbella.com\/sv\/wp-json\/wp\/v2\/pages"}],"about":[{"href":"https:\/\/marleypropertiesmarbella.com\/sv\/wp-json\/wp\/v2\/types\/page"}],"author":[{"embeddable":true,"href":"https:\/\/marleypropertiesmarbella.com\/sv\/wp-json\/wp\/v2\/users\/1"}],"replies":[{"embeddable":true,"href":"https:\/\/marleypropertiesmarbella.com\/sv\/wp-json\/wp\/v2\/comments?post=48908"}],"version-history":[{"count":2,"href":"https:\/\/marleypropertiesmarbella.com\/sv\/wp-json\/wp\/v2\/pages\/48908\/revisions"}],"predecessor-version":[{"id":49083,"href":"https:\/\/marleypropertiesmarbella.com\/sv\/wp-json\/wp\/v2\/pages\/48908\/revisions\/49083"}],"wp:attachment":[{"href":"https:\/\/marleypropertiesmarbella.com\/sv\/wp-json\/wp\/v2\/media?parent=48908"}],"curies":[{"name":"wp","href":"https:\/\/api.w.org\/{rel}","templated":true}]}}