{"id":48906,"date":"2017-07-25T11:27:22","date_gmt":"2017-07-25T11:27:22","guid":{"rendered":"http:\/\/marleypropertiesmarbella.com\/mijas-costa\/"},"modified":"2017-07-26T15:57:53","modified_gmt":"2017-07-26T15:57:53","slug":"mijas-costa","status":"publish","type":"page","link":"https:\/\/marleypropertiesmarbella.com\/sv\/mijas-costa\/","title":{"rendered":"Mijas Costa"},"content":{"rendered":"<p>[et_pb_section bb_built=&#8221;1&#8243; admin_label=&#8221;Section&#8221; fullwidth=&#8221;on&#8221; specialty=&#8221;off&#8221;][et_pb_fullwidth_image admin_label=&#8221;Fullwidth Image&#8221; _builder_version=&#8221;3.0.51&#8243; src=&#8221;https:\/\/marleypropertiesmarbella.com\/wp-content\/uploads\/2017\/06\/banner-mijas.jpg&#8221; show_in_lightbox=&#8221;off&#8221; url_new_window=&#8221;off&#8221; use_overlay=&#8221;off&#8221; border_style=&#8221;solid&#8221; animation=&#8221;left&#8221; \/][\/et_pb_section][et_pb_section bb_built=&#8221;1&#8243; admin_label=&#8221;section&#8221;][et_pb_row admin_label=&#8221;row&#8221; background_position=&#8221;top_left&#8221; background_repeat=&#8221;repeat&#8221; background_size=&#8221;initial&#8221;][et_pb_column type=&#8221;4_4&#8243;][et_pb_text admin_label=&#8221;Text&#8221; _builder_version=&#8221;3.0.51&#8243; background_layout=&#8221;light&#8221; text_orientation=&#8221;left&#8221; border_style=&#8221;solid&#8221;]<\/p>\n<h2><span style=\"color: #68baec;\">Mijas Costa<\/span><\/h2>\n<p>&nbsp;<\/p>\n<p>Mijas Costa ligger centralt p\u00e5 Costa del Sol och str\u00e4cker sig 12 km l\u00e4ngs Medelhavskusten fr\u00e5n v\u00e4ster om Fuengirola till Cabopino p\u00e5 \u00f6stra kanten av Marbella. Det \u00e4r en av de st\u00f6rsta orterna p\u00e5 Costa del Sol och har blivit en av de mest popul\u00e4ra platserna att k\u00f6pa en fastighet p\u00e5 i s\u00f6dra Spanien. Det best\u00e5r av flera samh\u00e4llen bl.a. La Cala de Mijas, El Chapparal, Riviera del Sol, Miraflores och Calahonda.<\/p>\n<p>Mijas Costa drar nytta av regelbundna busslinjer som g\u00e5r mellan Fuengirola och Marbella. Det \u00e4r bara 35 kilometer fr\u00e5n Malaga flygplats och det tar dig mindre \u00e4n 30 minuter att n\u00e5 med bil. Omr\u00e5det \u00e4r ber\u00f6mt som en familjev\u00e4nlig plats och har varit enormt popul\u00e4rt i \u00e5rtionden. Det finns m\u00e5nga kommande projekt i omr\u00e5det.<\/p>\n<p>D\u00e4r finns ett urval av n\u00e4rliggande golfbanor f\u00f6r alla smaker och niv\u00e5er. La Cala Golf Resort \u00e4r en av de finaste golfbanorna i Andalusien, och en av Europas st\u00f6rsta golfbanor. Den erbjuder en lyxig upplevelse med kurser, ett fantastiskt klubbhus med spa, h\u00e4lsocenter, gym och restaurang. Det har ocks\u00e5 en m\u00e4ngd toppklassiga sportanl\u00e4ggningar.<\/p>\n<p>Det finns ett stort utbud av restauranger p\u00e5 Mijas Costa, s\u00e4rskilt i La Cala De Mijas, som nyligen har blivit en av de mest \u00f6nskv\u00e4rda platserna p\u00e5 Costa del Sol f\u00f6r att k\u00f6pa ett boende. La Cala de Mijas \u00e4r en liten spansk fiskeby v\u00e4lsignad med vackra str\u00e4nder och omfattande bekv\u00e4mligheter. Olivias restaurang som \u00f6ppnades nyligen \u00e4r en av m\u00e5nga nya fina restauranger. La Cala de Mijas med sina m\u00e5nga faciliteter \u00e4r ett emblematiskt och fashionabelt resm\u00e5l p\u00e5 Costa del Sol.<\/p>\n<p>Mijas Costa v\u00e4xer organiskt f\u00f6r att m\u00f6ta kraven i sin varierande internationella befolkning och det forts\u00e4tter att vara ett av de mest popul\u00e4ra valen f\u00f6r dem som letar efter bra v\u00e4rde f\u00f6r pengarna p\u00e5 Costa del Sol.<\/p>\n<div style=\"margin-top:30px\">\n<p class=\"spain-button\"><a href=\"https:\/\/marleypropertiesmarbella.com\/sv\/frigiliana\/\" title=\"Frigiliana\" >Frigiliana<\/a><a href=\"https:\/\/marleypropertiesmarbella.com\/sv\/malaga\/\" title=\"Malaga\" >Malaga<\/a><a href=\"https:\/\/marleypropertiesmarbella.com\/sv\/benalmadena\/\" title=\"Benalmadena\" >Benalmadena<\/a><a href=\"https:\/\/marleypropertiesmarbella.com\/sv\/fuengirola\/\" title=\"Fuengirola\" >Fuengirola<\/a><a href=\"https:\/\/marleypropertiesmarbella.com\/sv\/mijas-costa\/\" title=\"Mijas Costa\" >Mijas Costa<\/a><a href=\"https:\/\/marleypropertiesmarbella.com\/sv\/estepona\/\" title=\"Estepona\" >Estepona<\/a><a href=\"https:\/\/marleypropertiesmarbella.com\/sv\/marbella\/\" title=\"Marbella\" >Marbella<\/a><a href=\"https:\/\/marleypropertiesmarbella.com\/sv\/manilva-la-duquesa\/\" title=\"Manilva - La Duquesa\" >Manilva - La Duquesa<\/a><a href=\"https:\/\/marleypropertiesmarbella.com\/sv\/sotogrande-alcaidesa\/\" title=\"Sotogrande - Alcaidesa\" >Sotogrande - Alcaidesa<\/a><\/p>\n<\/div>\n<p>[\/et_pb_text][\/et_pb_column][\/et_pb_row][\/et_pb_section]<\/p>\n","protected":false},"excerpt":{"rendered":"<p>Mijas Costa &nbsp; Mijas Costa ligger centralt p\u00e5 Costa del Sol och str\u00e4cker sig 12 km l\u00e4ngs Medelhavskusten fr\u00e5n v\u00e4ster om Fuengirola till Cabopino p\u00e5 \u00f6stra kanten av Marbella. Det \u00e4r en av de st\u00f6rsta orterna p\u00e5 Costa del Sol och har blivit en av de mest popul\u00e4ra platserna att k\u00f6pa en fastighet p\u00e5 i [&hellip;]<\/p>\n","protected":false},"author":1,"featured_media":0,"parent":0,"menu_order":5,"comment_status":"closed","ping_status":"closed","template":"","meta":{"_acf_changed":false,"_et_pb_use_builder":"on","_et_pb_old_content":"[et_pb_section bb_built=\"1\" admin_label=\"Section\" fullwidth=\"on\" specialty=\"off\"][et_pb_fullwidth_image admin_label=\"Fullwidth Image\" _builder_version=\"3.0.51\" src=\"https:\/\/marleypropertiesmarbella.com\/wp-content\/uploads\/2017\/06\/banner-mijas.jpg\" show_in_lightbox=\"off\" url_new_window=\"off\" use_overlay=\"off\" border_style=\"solid\" animation=\"left\" \/][\/et_pb_section][et_pb_section bb_built=\"1\" admin_label=\"section\"][et_pb_row admin_label=\"row\" background_position=\"top_left\" background_repeat=\"repeat\" background_size=\"initial\"][et_pb_column type=\"4_4\"][et_pb_text admin_label=\"Text\" _builder_version=\"3.0.51\" background_layout=\"light\" text_orientation=\"left\" border_style=\"solid\"]\r\n\r\n<h2><span style=\"color: #68baec;\">Mijas Costa<\/span><\/h2>\r\n\u00a0\r\n\r\nMijas Costa is centrally located on the Costa del Sol and stretches 12 km along the Mediterranean coast from the west of Fuengirola to Cabopino on the Eastern edge of Marbella. It is one of the largest resorts on the Costa del Sol and has become one of the most popular places to buy a property in Southern Spain. It consists of several communities \u2013 La Cala de Mijas, El Chapparal, Riviera del Sol, Miraflores and Calahonda.\r\n\r\nMijas Costa benefits from regular bus services which run between Fuengirola and Marbella.\u00a0 It is just 35 kilometres away from Malaga Airport and this journey takes you less than 30 minutes by car. It is famed as a family-friendly place, and has been a hugely popular for decades. There are many new developments in the pipeline due to its popularity.\r\n\r\nThere is a selection of nearby golf courses for all tastes and levels and one of them is a must visit. La Cala Golf Resort is one of the finest golf courses in Andalucia, and one of the largest in Europe. It offers a luxury experience with three fantastic courses named after the continents and a stunning club house with a spa and wellness centre, gymnasium and restaurant. It also has a host of top class sporting facilities, within its vast grounds. It also has a host of top class sporting facilities, with the openness of its vast grounds.\r\n\r\nThere is a great selection of restaurants on Mijas Costa, especially in La Cala de Mijas which has recently become one of the most desirable places on the Costa del Sol to purchase a holiday home. La Cala de Mijas is a small Spanish fishing village blessed with beautiful beaches and comprehensive amenities, and is also the administrative and leisure centre of Mijas Costa. Olivia\u2019s restaurant, which was opened recently by celebrities, is one of many new places to enjoy. La Cala de Mijas with its many facilities is an emblematical and fashionable destination on the Costa del Sol.\r\n\r\nMijas Costa is growing organically to meet the requirements of its diverse international population and it continues to be one of the most popular choices for those looking for excellent value for money properties on the Costa del Sol.\r\n\r\n\r\n<div style=\"margin-top:30px\">\r\n[show-locations]\r\n<\/div>\r\n\r\n[\/et_pb_text][\/et_pb_column][\/et_pb_row][\/et_pb_section]","_et_gb_content_width":"","footnotes":""},"class_list":["post-48906","page","type-page","status-publish","hentry"],"acf":[],"_links":{"self":[{"href":"https:\/\/marleypropertiesmarbella.com\/sv\/wp-json\/wp\/v2\/pages\/48906","targetHints":{"allow":["GET"]}}],"collection":[{"href":"https:\/\/marleypropertiesmarbella.com\/sv\/wp-json\/wp\/v2\/pages"}],"about":[{"href":"https:\/\/marleypropertiesmarbella.com\/sv\/wp-json\/wp\/v2\/types\/page"}],"author":[{"embeddable":true,"href":"https:\/\/marleypropertiesmarbella.com\/sv\/wp-json\/wp\/v2\/users\/1"}],"replies":[{"embeddable":true,"href":"https:\/\/marleypropertiesmarbella.com\/sv\/wp-json\/wp\/v2\/comments?post=48906"}],"version-history":[{"count":2,"href":"https:\/\/marleypropertiesmarbella.com\/sv\/wp-json\/wp\/v2\/pages\/48906\/revisions"}],"predecessor-version":[{"id":49081,"href":"https:\/\/marleypropertiesmarbella.com\/sv\/wp-json\/wp\/v2\/pages\/48906\/revisions\/49081"}],"wp:attachment":[{"href":"https:\/\/marleypropertiesmarbella.com\/sv\/wp-json\/wp\/v2\/media?parent=48906"}],"curies":[{"name":"wp","href":"https:\/\/api.w.org\/{rel}","templated":true}]}}