{"id":48582,"date":"2017-07-24T16:32:59","date_gmt":"2017-07-24T16:32:59","guid":{"rendered":"http:\/\/marleypropertiesmarbella.com\/fuengirola\/"},"modified":"2017-07-26T15:56:52","modified_gmt":"2017-07-26T15:56:52","slug":"fuengirola","status":"publish","type":"page","link":"https:\/\/marleypropertiesmarbella.com\/sv\/fuengirola\/","title":{"rendered":"Fuengirola"},"content":{"rendered":"<p>[et_pb_section bb_built=&#8221;1&#8243; admin_label=&#8221;Section&#8221; fullwidth=&#8221;on&#8221; specialty=&#8221;off&#8221;][et_pb_fullwidth_image admin_label=&#8221;Fullwidth Image&#8221; _builder_version=&#8221;3.0.51&#8243; src=&#8221;https:\/\/marleypropertiesmarbella.com\/wp-content\/uploads\/2017\/06\/banner-fuengirola.jpg&#8221; show_in_lightbox=&#8221;off&#8221; url_new_window=&#8221;off&#8221; use_overlay=&#8221;off&#8221; border_style=&#8221;solid&#8221; animation=&#8221;left&#8221; \/][\/et_pb_section][et_pb_section bb_built=&#8221;1&#8243; admin_label=&#8221;section&#8221;][et_pb_row admin_label=&#8221;row&#8221; background_position=&#8221;top_left&#8221; background_repeat=&#8221;repeat&#8221; background_size=&#8221;initial&#8221;][et_pb_column type=&#8221;4_4&#8243;][et_pb_text admin_label=&#8221;Text&#8221; _builder_version=&#8221;3.0.51&#8243; background_layout=&#8221;light&#8221; text_orientation=&#8221;left&#8221; border_style=&#8221;solid&#8221;]<\/p>\n<h2><span style=\"color: #68baec;\">Fuengirola<\/span><\/h2>\n<p>&nbsp;<\/p>\n<p>Fuengirola har l\u00e4nge varit en favorit hos dem som s\u00f6ker en stad som beh\u00e5llit sina spanska r\u00f6tter och andalusiska charm. Staden var tidigare en liten fiskeby som nu blivit en livlig spansk stad full av karakt\u00e4r med m\u00e5nga bekv\u00e4mligheter och festligheter \u00e5ret runt.<\/p>\n<p>L\u00e4ngs strandpromenaden i Fuengirola hittar du alla typer av vattensporter, utm\u00e4rkta strandbarer och restauranger som lokalt kallas Chiringuitos. Dessa restauranger erbjuder f\u00e4rsk fisk och skaldjur som levereras dagligen fr\u00e5n lokala fiskeb\u00e5tar. Strandpromenaden l\u00e4ngs havet \u00e4r extremt bred och omfattande f\u00f6r promenader och l\u00f6pning. Allt detta sammantaget \u00e5terspeglar stadens position som en av dem mest popul\u00e4ra destinationer p\u00e5 Costa del sol.<\/p>\n<p>I februari 2016 \u00f6ppnades gourmetmarknaden La Galer\u00eda Fuengirola, vilken snabbt blivit en av favoritplatserna f\u00f6r lokalbefolkningen och \u00f6vriga bes\u00f6kare. Det \u00e4r ett Bazaar koncept med en m\u00e4ngd olika leverant\u00f6rer. Id\u00e9n kommer fr\u00e5n Madrid. Detta \u00e4r ett unikt st\u00e4lle f\u00f6r alla olika smaker. Den ligger precis intill vackra Plaza de la Constitucion med dess ber\u00f6mda kyrka, flera underbara restauranger samt Lolas nattklubb d\u00e4r spanska rytmer spelas fram till morgontimmarna.<\/p>\n<p>T\u00e5glinjen tar dig fr\u00e5n Fuengirola till Malaga flygplats samt Malaga centrum \u00e4ven till orterna p\u00e5 \u00f6stra delen av Costa del Sol, Benalmadena, Toremolinos. Fr\u00e5n centralstationen i Los Boliches kan du ta bussen till Marbella, Granada, Cordoba och till och med till Gibraltar, vilket g\u00f6r det till ett idealiskt st\u00e4lle att l\u00e4tt uppt\u00e4cka Andalusien med all t\u00e4nkbar kommunikation.<\/p>\n<p>Fuengirola har ett schema fyllt med festivaler och evenemang under hela \u00e5ret. F\u00f6rmodligen den mest k\u00e4nda \u00e4r La Feria de Los Pueblos. P\u00e5 bara en dag kan du bes\u00f6ka upp till 50 l\u00e4nder eller \u00e5tminstone f\u00e5 en liten smakbit av varje. I \u00f6ver 10 \u00e5r har denna \u00e5rliga festival vuxit och blivit extremt popul\u00e4r bland s\u00e5v\u00e4l lokalbefolkningen som av dess \u00f6vriga bes\u00f6kare. Det finns n\u00e5got f\u00f6r hela familjen allt fr\u00e5n tysk bratwurst till kubanska rytmer, irl\u00e4ndska dansshower och fransk gourmetmat. Den \u00e4r en av de mest popul\u00e4ra festivalerna i Spanien och m\u00e4nniskor kommer fr\u00e5n hela Spanien f\u00f6r att delta i firandet.<\/p>\n<p>Om du vill k\u00f6pa p\u00e5 Costa del Sol s\u00e5 har Fuengirola mycket att erbjuda med det stora internationella inslaget blandat med genuin spansk k\u00e4nsla. Eftersom stadens popularitet forts\u00e4tter att v\u00e4xa och infrastrukturen hela tiden f\u00f6rb\u00e4ttras s\u00e5 kommer fastigheter i Fuengirola att visa sig vara en sund l\u00e5ngsiktig investering.<\/p>\n<div style=\"margin-top:30px\">\n<p class=\"spain-button\"><a href=\"https:\/\/marleypropertiesmarbella.com\/sv\/frigiliana\/\" title=\"Frigiliana\" >Frigiliana<\/a><a href=\"https:\/\/marleypropertiesmarbella.com\/sv\/malaga\/\" title=\"Malaga\" >Malaga<\/a><a href=\"https:\/\/marleypropertiesmarbella.com\/sv\/benalmadena\/\" title=\"Benalmadena\" >Benalmadena<\/a><a href=\"https:\/\/marleypropertiesmarbella.com\/sv\/fuengirola\/\" title=\"Fuengirola\" >Fuengirola<\/a><a href=\"https:\/\/marleypropertiesmarbella.com\/sv\/mijas-costa\/\" title=\"Mijas Costa\" >Mijas Costa<\/a><a href=\"https:\/\/marleypropertiesmarbella.com\/sv\/estepona\/\" title=\"Estepona\" >Estepona<\/a><a href=\"https:\/\/marleypropertiesmarbella.com\/sv\/marbella\/\" title=\"Marbella\" >Marbella<\/a><a href=\"https:\/\/marleypropertiesmarbella.com\/sv\/manilva-la-duquesa\/\" title=\"Manilva - La Duquesa\" >Manilva - La Duquesa<\/a><a href=\"https:\/\/marleypropertiesmarbella.com\/sv\/sotogrande-alcaidesa\/\" title=\"Sotogrande - Alcaidesa\" >Sotogrande - Alcaidesa<\/a><\/p>\n<\/div>\n<p>[\/et_pb_text][\/et_pb_column][\/et_pb_row][\/et_pb_section]<\/p>\n","protected":false},"excerpt":{"rendered":"<p>Fuengirola &nbsp; Fuengirola har l\u00e4nge varit en favorit hos dem som s\u00f6ker en stad som beh\u00e5llit sina spanska r\u00f6tter och andalusiska charm. Staden var tidigare en liten fiskeby som nu blivit en livlig spansk stad full av karakt\u00e4r med m\u00e5nga bekv\u00e4mligheter och festligheter \u00e5ret runt. L\u00e4ngs strandpromenaden i Fuengirola hittar du alla typer av vattensporter, [&hellip;]<\/p>\n","protected":false},"author":1,"featured_media":0,"parent":0,"menu_order":4,"comment_status":"closed","ping_status":"closed","template":"","meta":{"_acf_changed":false,"_et_pb_use_builder":"on","_et_pb_old_content":"[et_pb_section bb_built=\"1\" admin_label=\"Section\" fullwidth=\"on\" specialty=\"off\"][et_pb_fullwidth_image admin_label=\"Fullwidth Image\" _builder_version=\"3.0.51\" src=\"https:\/\/marleypropertiesmarbella.com\/wp-content\/uploads\/2017\/06\/banner-fuengirola.jpg\" show_in_lightbox=\"off\" url_new_window=\"off\" use_overlay=\"off\" border_style=\"solid\" animation=\"left\" \/][\/et_pb_section][et_pb_section bb_built=\"1\" admin_label=\"section\"][et_pb_row admin_label=\"row\" background_position=\"top_left\" background_repeat=\"repeat\" background_size=\"initial\"][et_pb_column type=\"4_4\"][et_pb_text admin_label=\"Text\" _builder_version=\"3.0.51\" background_layout=\"light\" text_orientation=\"left\" border_style=\"solid\"]\r\n\r\n<h2><span style=\"color: #68baec;\">Fuengirola<\/span><\/h2>\r\n\u00a0\r\n\r\nFuengirola has long been a favourite with those seeking a large town that has retained its Spanish roots and Andalucian charm. A tiny fishing village previously, it has become a vibrant Spanish town full of character, amenities, and festivities year round.\r\n\r\nAlong the beach promenade of Fuengirola, you will find every kind of water sports as well as excellent beach bars and restaurants, locally referred to as \u2018Chiringuitos\u2019. These eateries offer fresh fish and seafood delivered fresh daily from the fishing vessels that service the restaurants. The promenade along the sea is extremely wide and extensive, reflecting the town\u2019s position as a premier destination.\r\n\r\nOpened in February 2016, the gourmet market in Fuengirola, La Galeria has become one of the favourite places for locals and visitors. It is a Bazaar concept that has reached the coast from Madrid, with its retractable roof and array of vendors. It is a great place to let the senses run wild. It is located just by the beautiful Plaza de la Constitucion, with its famed Church and Lola\u2019s nightclub where Spanish rhythms are played until the early hours.\r\n\r\nThe train line links Fuengirola to Malaga Airport and to the resorts on the east of the Costa del Sol \u2013 Benalmadena, Torremolinos and Malaga city centre. From the main bus station you can get the bus to Marbella, Granada, Cordoba and even Gibraltar, making it an ideal location to discover Andalucia.\r\n\r\nFuengirola has a schedule filled with festivals and events throughout the year. Probably the most renowned is La Feria de Los Pueblos. In just one day, you can visit up to 50 countries \u2013 or at least a microcosm of each one, since they are represented in full flavour, sound and culture. For over 10 years this annual celebration has grown and become extremely popular with local residents and visitors alike. There is something for the entire family \u2013 from German bratwurst to Cuban rhythms, Irish dancing shows to French gourmet food. It is one of the most popular festivals in Fuengirola and people come from all over Spain to join in the celebrations.\r\n\r\nIf you are looking to buy on the Costa del Sol, Fuengirola has so much to offer with the growing international community testament to this. As the town\u2019s popularity with expats continues to grow, properties in Fuengirola will prove to be a sound long-term investment, and perfect for those seeking pure enjoyment.\r\n\r\n<div style=\"margin-top:30px\">\r\n[show-locations]\r\n<\/div>\r\n\r\n[\/et_pb_text][\/et_pb_column][\/et_pb_row][\/et_pb_section]","_et_gb_content_width":"","footnotes":""},"class_list":["post-48582","page","type-page","status-publish","hentry"],"acf":[],"_links":{"self":[{"href":"https:\/\/marleypropertiesmarbella.com\/sv\/wp-json\/wp\/v2\/pages\/48582","targetHints":{"allow":["GET"]}}],"collection":[{"href":"https:\/\/marleypropertiesmarbella.com\/sv\/wp-json\/wp\/v2\/pages"}],"about":[{"href":"https:\/\/marleypropertiesmarbella.com\/sv\/wp-json\/wp\/v2\/types\/page"}],"author":[{"embeddable":true,"href":"https:\/\/marleypropertiesmarbella.com\/sv\/wp-json\/wp\/v2\/users\/1"}],"replies":[{"embeddable":true,"href":"https:\/\/marleypropertiesmarbella.com\/sv\/wp-json\/wp\/v2\/comments?post=48582"}],"version-history":[{"count":2,"href":"https:\/\/marleypropertiesmarbella.com\/sv\/wp-json\/wp\/v2\/pages\/48582\/revisions"}],"predecessor-version":[{"id":49080,"href":"https:\/\/marleypropertiesmarbella.com\/sv\/wp-json\/wp\/v2\/pages\/48582\/revisions\/49080"}],"wp:attachment":[{"href":"https:\/\/marleypropertiesmarbella.com\/sv\/wp-json\/wp\/v2\/media?parent=48582"}],"curies":[{"name":"wp","href":"https:\/\/api.w.org\/{rel}","templated":true}]}}