{"id":48581,"date":"2017-07-24T16:31:38","date_gmt":"2017-07-24T16:31:38","guid":{"rendered":"http:\/\/marleypropertiesmarbella.com\/benalmadena\/"},"modified":"2017-07-26T15:55:55","modified_gmt":"2017-07-26T15:55:55","slug":"benalmadena","status":"publish","type":"page","link":"https:\/\/marleypropertiesmarbella.com\/sv\/benalmadena\/","title":{"rendered":"Benalmadena"},"content":{"rendered":"<p>[et_pb_section bb_built=&#8221;1&#8243; admin_label=&#8221;Section&#8221; fullwidth=&#8221;on&#8221; specialty=&#8221;off&#8221;][et_pb_fullwidth_image admin_label=&#8221;Fullwidth Image&#8221; _builder_version=&#8221;3.0.51&#8243; src=&#8221;https:\/\/marleypropertiesmarbella.com\/wp-content\/uploads\/2017\/06\/banner-Benalmadena-3.jpg&#8221; show_in_lightbox=&#8221;off&#8221; url_new_window=&#8221;off&#8221; use_overlay=&#8221;off&#8221; border_style=&#8221;solid&#8221; animation=&#8221;left&#8221; \/][\/et_pb_section][et_pb_section bb_built=&#8221;1&#8243; admin_label=&#8221;section&#8221;][et_pb_row admin_label=&#8221;row&#8221; background_position=&#8221;top_left&#8221; background_repeat=&#8221;repeat&#8221; background_size=&#8221;initial&#8221;][et_pb_column type=&#8221;4_4&#8243;][et_pb_text admin_label=&#8221;Text&#8221; _builder_version=&#8221;3.0.51&#8243; background_layout=&#8221;light&#8221; text_orientation=&#8221;left&#8221; border_style=&#8221;solid&#8221;]<\/p>\n<h2><span style=\"color: #68baec;\">Benalm\u00e1dena<\/span><\/h2>\n<p>&nbsp;<\/p>\n<p>Benalmadena, bel\u00e4get just v\u00e4ster om Malaga och Torremolinos, \u00e4r en livlig kosmpolitisk stad som st\u00e5tar med talrika och h\u00e4rliga restauranger, vidsl\u00e5nga str\u00e4nder och ett spektakul\u00e4rt utbud av faciliteter och underh\u00e5llning.<\/p>\n<p>Benalmadena har ett idealiskt l\u00e4ge 20 minuter fr\u00e5n Malagas flygplats och h\u00e4r finner du liv och r\u00f6relse. De s\u00e4kra sandstr\u00e4nderna str\u00e4cker sig kilometervis, l\u00e5nga promenadstr\u00e5k l\u00f6per l\u00e4ngs Medelhavet och du finner massor av hotell, restauranger, barer och strandklubbar.<\/p>\n<p>F\u00f6r barn i alla \u00e5ldrar finns enast\u00e5ende m\u00f6jligheter att kan roa sig bland, titta p\u00e5 delfiner och ha kul i temaparkerna Tivoli World, Selwo Marina, Sea Life Aquarium, Paloma Park, Butterfly Park\u2026. och mycket mer.<\/p>\n<p>Den sp\u00e4nnande linbanan g\u00e5r hela v\u00e4gen fr\u00e5n Arroyo de La Miel 800 m upp till Mount Calamorro. D\u00e4r kan du njuta av den fantastiska utsikten \u00f6ver Medelhavet, och vid slutstationen finner du kaf\u00e9, vandringsleder och falkuppvisning.<\/p>\n<p>Benalmadina har tv\u00e5 g\u00e5nger utsetts till V\u00e4rldens B\u00e4sta Marina, och anses v\u00e4rldsber\u00f6md. D\u00e4r finner du ett urval av nattklubbar och disco barer, m\u00e5nga med l\u00e5nga \u00f6ppettider. Den kan anses som den perfekta platsen att uppleva tillvaron i Spanien, \u00e4ta spansk paella och njuta av utsikten \u00f6ver hamnen.<\/p>\n<p>Benalmadena har blivit en av de mest eftertraktade platserna p\u00e5 Costa del Sol n\u00e4r det g\u00e4ller k\u00f6p av semesterhem f\u00f6r unga par och barnfamiljer, antingen du letar efter en l\u00e4genhet vid strandkanten eller en familjevilla med havsutsikt. Benalmadena har mycket att erbjuda de mest selektiva k\u00f6parna med imponerande omgivningar och faciliteter f\u00f6r b\u00e5de barn och vuxna.<\/p>\n<div style=\"margin-top:30px\">\n<p class=\"spain-button\"><a href=\"https:\/\/marleypropertiesmarbella.com\/sv\/frigiliana\/\" title=\"Frigiliana\" >Frigiliana<\/a><a href=\"https:\/\/marleypropertiesmarbella.com\/sv\/malaga\/\" title=\"Malaga\" >Malaga<\/a><a href=\"https:\/\/marleypropertiesmarbella.com\/sv\/benalmadena\/\" title=\"Benalmadena\" >Benalmadena<\/a><a href=\"https:\/\/marleypropertiesmarbella.com\/sv\/fuengirola\/\" title=\"Fuengirola\" >Fuengirola<\/a><a href=\"https:\/\/marleypropertiesmarbella.com\/sv\/mijas-costa\/\" title=\"Mijas Costa\" >Mijas Costa<\/a><a href=\"https:\/\/marleypropertiesmarbella.com\/sv\/estepona\/\" title=\"Estepona\" >Estepona<\/a><a href=\"https:\/\/marleypropertiesmarbella.com\/sv\/marbella\/\" title=\"Marbella\" >Marbella<\/a><a href=\"https:\/\/marleypropertiesmarbella.com\/sv\/manilva-la-duquesa\/\" title=\"Manilva - La Duquesa\" >Manilva - La Duquesa<\/a><a href=\"https:\/\/marleypropertiesmarbella.com\/sv\/sotogrande-alcaidesa\/\" title=\"Sotogrande - Alcaidesa\" >Sotogrande - Alcaidesa<\/a><\/p>\n<\/div>\n<p>[\/et_pb_text][\/et_pb_column][\/et_pb_row][\/et_pb_section]<\/p>\n","protected":false},"excerpt":{"rendered":"<p>Benalm\u00e1dena &nbsp; Benalmadena, bel\u00e4get just v\u00e4ster om Malaga och Torremolinos, \u00e4r en livlig kosmpolitisk stad som st\u00e5tar med talrika och h\u00e4rliga restauranger, vidsl\u00e5nga str\u00e4nder och ett spektakul\u00e4rt utbud av faciliteter och underh\u00e5llning. Benalmadena har ett idealiskt l\u00e4ge 20 minuter fr\u00e5n Malagas flygplats och h\u00e4r finner du liv och r\u00f6relse. De s\u00e4kra sandstr\u00e4nderna str\u00e4cker sig kilometervis, [&hellip;]<\/p>\n","protected":false},"author":1,"featured_media":0,"parent":0,"menu_order":3,"comment_status":"closed","ping_status":"closed","template":"","meta":{"_acf_changed":false,"_et_pb_use_builder":"on","_et_pb_old_content":"[et_pb_section bb_built=\"1\" admin_label=\"Section\" fullwidth=\"on\" specialty=\"off\"][et_pb_fullwidth_image admin_label=\"Fullwidth Image\" _builder_version=\"3.0.51\" src=\"https:\/\/marleypropertiesmarbella.com\/wp-content\/uploads\/2017\/06\/banner-Benalmadena-3.jpg\" show_in_lightbox=\"off\" url_new_window=\"off\" use_overlay=\"off\" border_style=\"solid\" animation=\"left\" \/][\/et_pb_section][et_pb_section bb_built=\"1\" admin_label=\"section\"][et_pb_row admin_label=\"row\" background_position=\"top_left\" background_repeat=\"repeat\" background_size=\"initial\"][et_pb_column type=\"4_4\"][et_pb_text admin_label=\"Text\" _builder_version=\"3.0.51\" background_layout=\"light\" text_orientation=\"left\" border_style=\"solid\"]\r\n\r\n<h2><span style=\"color: #68baec;\">Benalm\u00e1dena<\/span><\/h2>\r\n\u00a0\r\n\r\nSituated just west of Malaga and Torremolinos, Benalmadena is a lively cosmopolitan coastal town which boasts a multitude of great restaurants, extensive beaches and a spectacular choice of amenities and entertainment.\r\n\r\nBenalmadena is ideally situated being just a 20 minutes\u2019 drive from Malaga Airport and here you will find the hustle and bustle of a lively and energetic lifestyle. Benalmadena has many kilometres of sandy and safe beaches, long promenades stretching along the Mediterranean coast and and a huge number of hotels, restaurants, bars and beach clubs.\r\n\r\nChildren of all ages will enjoy exceptional facilities and the theme parks of Benalmadena: Tivoli World, Selwo Marina, Sea Life Aquarium, Paloma Park, Butterfly Park and Dolphin watching\u2026 and much more.\r\n\r\nThe cable car (Teleferico) is thrilling and goes all the way up Mount Calamorro. This cable car goes from Arroyo de La Miel from the bottom of the mountain to more than 800 metres up. You will enjoy pretty stunning views over the Mediterranean Sea and coastline and at the end of the ride there is a cafeteria, hiking trails and falconry shows.\r\n\r\nBenalmadena is known around the globe for its first-class marina, which has twice been voted the World's Best. Benalmadena Puerto Marina boasts a selection of great night clubs, disco bars and late night bars. This is the perfect place to experience life in Spain and eat Spanish paella - or something more exotic - while overlooking the boats in the harbour.\r\n\r\nBenalmadena has become one of the most desirable places on the Costa del Sol to purchase a holiday home for young couples and families with children. Whether you are looking to purchase a beachfront apartment in Benalmadena or a family villa with sea views, Benalmadena has much too offer to the most selective buyers. It has spectacular amenities for children and adults alike.\r\n\r\n<div style=\"margin-top:30px\">\r\n[show-locations]\r\n<\/div>\r\n\r\n[\/et_pb_text][\/et_pb_column][\/et_pb_row][\/et_pb_section]","_et_gb_content_width":"","footnotes":""},"class_list":["post-48581","page","type-page","status-publish","hentry"],"acf":[],"_links":{"self":[{"href":"https:\/\/marleypropertiesmarbella.com\/sv\/wp-json\/wp\/v2\/pages\/48581","targetHints":{"allow":["GET"]}}],"collection":[{"href":"https:\/\/marleypropertiesmarbella.com\/sv\/wp-json\/wp\/v2\/pages"}],"about":[{"href":"https:\/\/marleypropertiesmarbella.com\/sv\/wp-json\/wp\/v2\/types\/page"}],"author":[{"embeddable":true,"href":"https:\/\/marleypropertiesmarbella.com\/sv\/wp-json\/wp\/v2\/users\/1"}],"replies":[{"embeddable":true,"href":"https:\/\/marleypropertiesmarbella.com\/sv\/wp-json\/wp\/v2\/comments?post=48581"}],"version-history":[{"count":2,"href":"https:\/\/marleypropertiesmarbella.com\/sv\/wp-json\/wp\/v2\/pages\/48581\/revisions"}],"predecessor-version":[{"id":49079,"href":"https:\/\/marleypropertiesmarbella.com\/sv\/wp-json\/wp\/v2\/pages\/48581\/revisions\/49079"}],"wp:attachment":[{"href":"https:\/\/marleypropertiesmarbella.com\/sv\/wp-json\/wp\/v2\/media?parent=48581"}],"curies":[{"name":"wp","href":"https:\/\/api.w.org\/{rel}","templated":true}]}}