{"id":48528,"date":"2017-07-24T08:32:33","date_gmt":"2017-07-24T08:32:33","guid":{"rendered":"http:\/\/marleypropertiesmarbella.com\/malaga\/"},"modified":"2017-07-26T15:54:42","modified_gmt":"2017-07-26T15:54:42","slug":"malaga","status":"publish","type":"page","link":"https:\/\/marleypropertiesmarbella.com\/sv\/malaga\/","title":{"rendered":"Malaga"},"content":{"rendered":"<p>[et_pb_section bb_built=&#8221;1&#8243; admin_label=&#8221;Section&#8221; fullwidth=&#8221;on&#8221; specialty=&#8221;off&#8221; _builder_version=&#8221;3.0.51&#8243;][et_pb_fullwidth_image admin_label=&#8221;Fullwidth Image&#8221; _builder_version=&#8221;3.0.51&#8243; src=&#8221;https:\/\/marleypropertiesmarbella.com\/wp-content\/uploads\/2017\/06\/banner-malaga.jpg&#8221; show_in_lightbox=&#8221;off&#8221; url_new_window=&#8221;off&#8221; use_overlay=&#8221;off&#8221; border_style=&#8221;solid&#8221; animation=&#8221;left&#8221; \/][\/et_pb_section][et_pb_section bb_built=&#8221;1&#8243; admin_label=&#8221;section&#8221;][et_pb_row admin_label=&#8221;row&#8221; background_position=&#8221;top_left&#8221; background_repeat=&#8221;repeat&#8221; background_size=&#8221;initial&#8221;][et_pb_column type=&#8221;4_4&#8243;][et_pb_text admin_label=&#8221;Text&#8221; _builder_version=&#8221;3.0.51&#8243; background_layout=&#8221;light&#8221; text_orientation=&#8221;left&#8221; border_style=&#8221;solid&#8221;]<\/p>\n<h2><span style=\"color: #68baec;\">M\u00e1laga<\/span><\/h2>\n<p>&nbsp;<\/p>\n<p>Malaga \u00e4r porten till Costa del Sol och ses av m\u00e5nga som en l\u00e4mplig stad att k\u00f6pa en permanent bostad i. Staden \u00e4r en av Spaniens st\u00e4der d\u00e4r du verkligen kan f\u00e5 allt. Det \u00e4r en stad p\u00e5 g\u00e5ng med en artikel i New York Times som s\u00e4ger &#8221;Malaga \u00e4r ett m\u00e5ste att bes\u00f6ka&#8221;. Det \u00e4r f\u00f6delseplatsen f\u00f6r Pablo Picasso och Antonio Banderas, denna stad p\u00e5 600,000 inv\u00e5nare har omvandlats till en dynamisk stad full av liv, \u00e4ventyr och kultur men med en stor plan f\u00f6r sin fortsatta sin utveckling.<\/p>\n<p>\u00d6ppnandet av Gran Hotel Miramar i Malagueta det f\u00f6rsta 5-stj\u00e4rniga Gran Luxe Hotel i Malaga talar tydligt vilken riktning som staden tar. Konst och kultur ligger dock i fokus f\u00f6r fortsatt tillv\u00e4xt med Carmen Thyssen Museet och Centre Pompidou Malaga vilket \u00e4r den f\u00f6rsta i sitt slag utanf\u00f6r Frankrike. Byggbranschen har ocks\u00e5 f\u00e5tt fotf\u00e4ste, med bl.a. helt nya villor byggda i det lummiga omr\u00e5det Pedregalejo, och flera moderna l\u00e4genhetskomplex i M\u00e1lagas stadsk\u00e4rna. Malaga f\u00f6r\u00e4ndras, och kommer att forts\u00e4tta att g\u00f6ra det. Malaga \u00e4r idag den staden i Spanien som \u00e4r mest lukrativ p\u00e5 bostadsmarknaden.<\/p>\n<p>Investeringsm\u00f6jligheterna i Malaga m\u00e5ste definitivt \u00f6verv\u00e4gas och f\u00f6r de som letar efter ett hem eller ett andra hem i en stor stad kan Malaga idag inte f\u00f6rbises. Den \u00f6stra delen av staden, El Palo har beh\u00e5llit mycket av sin spanska fiskeby charm och \u00e4r 15 minuters bussresa fr\u00e5n centrum. Malaga \u00e4r den staden p\u00e5 Costa del sol som du l\u00e4ttast hyr ut din bostad under alla \u00e5rets m\u00e5nader.<\/p>\n<p>Malaga \u00e4r under stor f\u00f6r\u00e4ndring med bl.a. nya bostadsprojekt och modernisering av den gamla hamndelen. Den har till och med sitt eget &#8221;Malaga Eye&#8221; som n\u00e5r 100 meter i h\u00f6jd. Dessa nya utvecklingar och strukturer kontrasterar mot den gamla historiska arkitekturen som med dess gamla l\u00e4genheter med v\u00e4lvda tak och nyrenoverade fasader som idag kan erbjuda boenden f\u00f6r alla k\u00f6pgrupper.<\/p>\n<p>Detta \u00e4r en plats som m\u00e5ste beaktas f\u00f6r dem som s\u00f6ker boende p\u00e5 Costa Del Sol kanske s\u00e4rskilt de som letar efter en stad med ett storstads liv ett La Liga lag, kultur eller bara som en solid investering. Om du \u00f6verv\u00e4ger Malaga \u00e4r det kanske bra att veta att lokalbefolkningen kallas av andra spanjorer f\u00f6r &#8221;Boquerones&#8221; &#8211; ansjovis.<\/p>\n<p>Marley Properties Marbella har spenderat mycket tid i Malaga City och vi rekommenderar varmt staden f\u00f6r alla \u00e5ldersgrupper eftersom du finner allt fr\u00e5n underh\u00e5llning, gastronomi f\u00f6r alla smaker och sj\u00e4lvklart f\u00f6r sin kultur.<\/p>\n<div style=\"margin-top:30px\">\n<p class=\"spain-button\"><a href=\"https:\/\/marleypropertiesmarbella.com\/sv\/frigiliana\/\" title=\"Frigiliana\" >Frigiliana<\/a><a href=\"https:\/\/marleypropertiesmarbella.com\/sv\/malaga\/\" title=\"Malaga\" >Malaga<\/a><a href=\"https:\/\/marleypropertiesmarbella.com\/sv\/benalmadena\/\" title=\"Benalmadena\" >Benalmadena<\/a><a href=\"https:\/\/marleypropertiesmarbella.com\/sv\/fuengirola\/\" title=\"Fuengirola\" >Fuengirola<\/a><a href=\"https:\/\/marleypropertiesmarbella.com\/sv\/mijas-costa\/\" title=\"Mijas Costa\" >Mijas Costa<\/a><a href=\"https:\/\/marleypropertiesmarbella.com\/sv\/estepona\/\" title=\"Estepona\" >Estepona<\/a><a href=\"https:\/\/marleypropertiesmarbella.com\/sv\/marbella\/\" title=\"Marbella\" >Marbella<\/a><a href=\"https:\/\/marleypropertiesmarbella.com\/sv\/manilva-la-duquesa\/\" title=\"Manilva - La Duquesa\" >Manilva - La Duquesa<\/a><a href=\"https:\/\/marleypropertiesmarbella.com\/sv\/sotogrande-alcaidesa\/\" title=\"Sotogrande - Alcaidesa\" >Sotogrande - Alcaidesa<\/a><\/p>\n<\/div>\n<p>[\/et_pb_text][\/et_pb_column][\/et_pb_row][\/et_pb_section]<\/p>\n","protected":false},"excerpt":{"rendered":"<p>M\u00e1laga &nbsp; Malaga \u00e4r porten till Costa del Sol och ses av m\u00e5nga som en l\u00e4mplig stad att k\u00f6pa en permanent bostad i. Staden \u00e4r en av Spaniens st\u00e4der d\u00e4r du verkligen kan f\u00e5 allt. Det \u00e4r en stad p\u00e5 g\u00e5ng med en artikel i New York Times som s\u00e4ger &#8221;Malaga \u00e4r ett m\u00e5ste att [&hellip;]<\/p>\n","protected":false},"author":1,"featured_media":0,"parent":0,"menu_order":2,"comment_status":"closed","ping_status":"closed","template":"","meta":{"_acf_changed":false,"_et_pb_use_builder":"on","_et_pb_old_content":"[et_pb_section bb_built=\"1\" admin_label=\"Section\" fullwidth=\"on\" specialty=\"off\"][et_pb_fullwidth_image admin_label=\"Fullwidth Image\" _builder_version=\"3.0.51\" src=\"https:\/\/marleypropertiesmarbella.com\/wp-content\/uploads\/2017\/06\/banner-malaga.jpg\" show_in_lightbox=\"off\" url_new_window=\"off\" use_overlay=\"off\" border_style=\"solid\" animation=\"left\" \/][\/et_pb_section][et_pb_section bb_built=\"1\" admin_label=\"section\"][et_pb_row admin_label=\"row\" background_position=\"top_left\" background_repeat=\"repeat\" background_size=\"initial\"][et_pb_column type=\"4_4\"][et_pb_text admin_label=\"Text\" _builder_version=\"3.0.51\" background_layout=\"light\" text_orientation=\"left\" border_style=\"solid\"]\r\n\r\n<h2><span style=\"color: #68baec;\">M\u00e1laga<\/span><\/h2>\r\n\u00a0\r\n\r\nMalaga is the gateway to the Costa del Sol, and up until recently overlooked as a place to actual buy a home, invest or even visit. It is a city on the up with articles in the New York Times stating \u2018It\u2019s a must to visit\u2019. The birthplace of Pablo Picasso and Antonio Banderas, this city of 600,000 inhabitants is transforming into a dynamic city full of life, adventure, and culture, with a grand plan in place for its continued development.\r\n\r\nThe opening of Gran Hotel Miramar in Malagueta, the first 5 star Gran Luxe Hotel in Malaga speaks volumes of the direction this city is taking. Art and Culture is at the centre for the continued growth, with Carmen Thyssen Museum and the Centre Pompidou Malaga, the first of its kind outside of France. The construction industry is also getting a foothold, with brand new villas being built in the leafy area of Pedregalejo, and several contemporary apartment complexes in Malaga city centre well under way. Malaga is changing, and this will long continue making it one of the most demanded cities in Spain for real estate.\r\n\r\nThe investment opportunities in Malaga must definitely be considered, and those looking for a home, or second home in a city, it just cannot be overlooked. The eastern part of the City, El Palo has retained much of its Spanish fishing Village charm, and is a 15 minute bus ride to the centre, so Malaga really has variety to offer.\r\n\r\nThe Marley Properties Marbella staffs have spent considerable time in Malaga City, and we highly recommend it for all age groups as there is entertainment and gastronomy options for all tastes, with its newly developed port, which has only just started to be rejuvenated. It even has its own \u2018Malaga Eye\u2019, reaching 100 meters in height. These new Malaga developments and structures contrast the diverse historical architecture, with its high vaulted ceiling apartments, and renovated buildings offering high end homes for sale.\r\n\r\nThis is a place that must be considered for those looking purchase on the Costa Del Sol, especially those looking for the buzz of city life, a La Liga football team to support, or a solid investment on the Costa Del Sol in terms of rentals and appreciation. A must see! If you do consider Malaga, you must know that the locals are warmly referred to as \u2018Boquerones\u2019 \u2013 Anchovies.\r\n\r\n\r\n<div style=\"margin-top:30px\">\r\n[show-locations]\r\n<\/div>\r\n\r\n[\/et_pb_text][\/et_pb_column][\/et_pb_row][\/et_pb_section]","_et_gb_content_width":"","footnotes":""},"class_list":["post-48528","page","type-page","status-publish","hentry"],"acf":[],"_links":{"self":[{"href":"https:\/\/marleypropertiesmarbella.com\/sv\/wp-json\/wp\/v2\/pages\/48528","targetHints":{"allow":["GET"]}}],"collection":[{"href":"https:\/\/marleypropertiesmarbella.com\/sv\/wp-json\/wp\/v2\/pages"}],"about":[{"href":"https:\/\/marleypropertiesmarbella.com\/sv\/wp-json\/wp\/v2\/types\/page"}],"author":[{"embeddable":true,"href":"https:\/\/marleypropertiesmarbella.com\/sv\/wp-json\/wp\/v2\/users\/1"}],"replies":[{"embeddable":true,"href":"https:\/\/marleypropertiesmarbella.com\/sv\/wp-json\/wp\/v2\/comments?post=48528"}],"version-history":[{"count":4,"href":"https:\/\/marleypropertiesmarbella.com\/sv\/wp-json\/wp\/v2\/pages\/48528\/revisions"}],"predecessor-version":[{"id":49078,"href":"https:\/\/marleypropertiesmarbella.com\/sv\/wp-json\/wp\/v2\/pages\/48528\/revisions\/49078"}],"wp:attachment":[{"href":"https:\/\/marleypropertiesmarbella.com\/sv\/wp-json\/wp\/v2\/media?parent=48528"}],"curies":[{"name":"wp","href":"https:\/\/api.w.org\/{rel}","templated":true}]}}