{"id":48482,"date":"2017-07-20T13:19:57","date_gmt":"2017-07-20T13:19:57","guid":{"rendered":"http:\/\/marleypropertiesmarbella.com\/?page_id=48482\/"},"modified":"2023-12-13T12:31:34","modified_gmt":"2023-12-13T12:31:34","slug":"kontakta-oss","status":"publish","type":"page","link":"https:\/\/marleypropertiesmarbella.com\/sv\/kontakta-oss\/","title":{"rendered":"Kontakta oss"},"content":{"rendered":"<p>[et_pb_section fb_built=&#8221;1&#8243; fullwidth=&#8221;on&#8221; admin_label=&#8221;section&#8221; _builder_version=&#8221;4.16&#8243; global_colors_info=&#8221;{}&#8221;][et_pb_fullwidth_image src=&#8221;https:\/\/marleypropertiesmarbella.com\/wp-content\/uploads\/2017\/06\/shutterstock_592062722-1.jpg&#8221; admin_label=&#8221;Fullwidth Image&#8221; _builder_version=&#8221;4.16&#8243; animation_style=&#8221;slide&#8221; animation_direction=&#8221;left&#8221; animation_duration=&#8221;500ms&#8221; animation_intensity_slide=&#8221;10%&#8221; global_colors_info=&#8221;{}&#8221;][\/et_pb_fullwidth_image][\/et_pb_section][et_pb_section fb_built=&#8221;1&#8243; admin_label=&#8221;Section&#8221; _builder_version=&#8221;4.16&#8243; global_colors_info=&#8221;{}&#8221;][et_pb_row admin_label=&#8221;Row&#8221; _builder_version=&#8221;4.16&#8243; background_size=&#8221;initial&#8221; background_position=&#8221;top_left&#8221; background_repeat=&#8221;repeat&#8221; global_colors_info=&#8221;{}&#8221;][et_pb_column type=&#8221;4_4&#8243; _builder_version=&#8221;4.16&#8243; custom_padding=&#8221;|||&#8221; global_colors_info=&#8221;{}&#8221; custom_padding__hover=&#8221;|||&#8221;][et_pb_text admin_label=&#8221;Text&#8221; _builder_version=&#8221;4.16&#8243; global_colors_info=&#8221;{}&#8221;]<\/p>\n<h1>Var finner Ni oss?<\/h1>\n<p>&nbsp;<\/p>\n<p><b>Marley Properties Marbella<\/b> finns p\u00e5 2 platser i Marbella. Med v\u00e5ra strategiskt placerade kontor i Marbella och Mijas Costa erbjuder vi er en fantastisk portf\u00f6lj av fastigheter \u00f6ver hela Costa del Sol.<\/p>\n<p>&nbsp;<\/p>\n<h2>Varf\u00f6r b\u00f6r du kontakta oss??<\/h2>\n<p>&nbsp;<\/p>\n<ul>\n<li>Vi t\u00e4cker hela Costa del Sol fr\u00e5n Malaga till Gibraltar<\/li>\n<li>Tack vare v\u00e5ra avtal med samarbetspartners kan vi erbjuda er alla fastigheter som finns till salu p\u00e5 Costa del Sol<\/li>\n<li>Vi \u00e4r ett engagerat &amp; h\u00e5rt arbetande team \u2013 och erbjuder Er visningar alla dagar i veckan<\/li>\n<li>V\u00e5rt team har omfattande erfarenhet av fastighetsbranschen<\/li>\n<li>Vi bor och arbetar i Costa del Sol sedan m\u00e5nga \u00e5r, vi erbjuder Er mer \u00e4n g\u00e4rna hj\u00e4lp och r\u00e5d i ert s\u00f6kande<\/li>\n<li>Vi talar ert spr\u00e5k \u2013 Svenska, Engelska, Finska, Holl\u00e4ndska, Tyska, Franska och sj\u00e4lvklart Spanska<\/li>\n<\/ul>\n<p>&nbsp;<\/p>\n<h3 style=\"text-align: center;\">Var v\u00e4nlig fyll i kontaktformul\u00e4ret h\u00e4r nedan eller ring Oss. Vi hj\u00e4lper Er mer \u00e4n g\u00e4rna.<\/h3>\n<p>[\/et_pb_text][\/et_pb_column][\/et_pb_row][et_pb_row column_structure=&#8221;1_4,1_4,1_2&#8243; admin_label=&#8221;Row&#8221; _builder_version=&#8221;4.16&#8243; background_size=&#8221;initial&#8221; background_position=&#8221;top_left&#8221; background_repeat=&#8221;repeat&#8221; global_colors_info=&#8221;{}&#8221;][et_pb_column type=&#8221;1_4&#8243; _builder_version=&#8221;4.16&#8243; custom_padding=&#8221;|||&#8221; global_colors_info=&#8221;{}&#8221; custom_padding__hover=&#8221;|||&#8221;][et_pb_text admin_label=&#8221;Text&#8221; _builder_version=&#8221;4.23.1&#8243; background_size=&#8221;initial&#8221; background_position=&#8221;top_left&#8221; background_repeat=&#8221;repeat&#8221; global_colors_info=&#8221;{}&#8221;]<\/p>\n<p>&nbsp;<\/p>\n<p><strong>Adress Marbella<\/strong><\/p>\n<p>Ricardo Soriano 34, Pl2 oficina 4 edif portillo 29601 Marbella.<\/p>\n<p>&nbsp;<\/p>\n<p>Telefon:<\/p>\n<p>(0034) 951 120 186<\/p>\n<p>(0034) 951 203 857<\/p>\n<p>&nbsp;<\/p>\n<p>&nbsp;<\/p>\n<p>Email:<\/p>\n<p>info@marleypropertiesmarbella.com<\/p>\n<p>[\/et_pb_text][\/et_pb_column][et_pb_column type=&#8221;1_4&#8243; _builder_version=&#8221;4.16&#8243; custom_padding=&#8221;|||&#8221; global_colors_info=&#8221;{}&#8221; custom_padding__hover=&#8221;|||&#8221;][et_pb_text admin_label=&#8221;Text&#8221; _builder_version=&#8221;4.16&#8243; background_size=&#8221;initial&#8221; background_position=&#8221;top_left&#8221; background_repeat=&#8221;repeat&#8221; global_colors_info=&#8221;{}&#8221;]<\/p>\n<p><strong>Adress Calahonda<\/strong><\/p>\n<p>Complejo Lidl Local 3<\/p>\n<p>Calahonda 29649<\/p>\n<p>Mijas Costa<\/p>\n<p>Phone:<\/p>\n<p>(0034) 951 120 186<\/p>\n<p>(0034) 951 203 857<\/p>\n<p>&nbsp;<\/p>\n<p>Email:<\/p>\n<p>info@marleypropertiesmarbella.com<\/p>\n<p>[\/et_pb_text][\/et_pb_column][et_pb_column type=&#8221;1_2&#8243; _builder_version=&#8221;4.16&#8243; custom_padding=&#8221;|||&#8221; global_colors_info=&#8221;{}&#8221; custom_padding__hover=&#8221;|||&#8221;][et_pb_text admin_label=&#8221;Text&#8221; _builder_version=&#8221;4.16&#8243; global_colors_info=&#8221;{}&#8221;]<div class=\"caldera-grid\" id=\"caldera_form_1\" data-cf-ver=\"1.9.7\" data-cf-form-id=\"CF5968b49ec1a33\"><div id=\"caldera_notices_1\" data-spinner=\"https:\/\/marleypropertiesmarbella.com\/wp-admin\/images\/spinner.gif\"><\/div><form data-instance=\"1\" class=\"CF5968b49ec1a33 caldera_forms_form cfajax-trigger\" method=\"POST\" enctype=\"multipart\/form-data\" id=\"CF5968b49ec1a33_1\" data-form-id=\"CF5968b49ec1a33\" aria-label=\"contact form\" data-target=\"#caldera_notices_1\" data-template=\"#cfajax_CF5968b49ec1a33-tmpl\" data-cfajax=\"CF5968b49ec1a33\" data-load-element=\"_parent\" data-load-class=\"cf_processing\" data-post-disable=\"0\" data-action=\"cf_process_ajax_submit\" data-request=\"https:\/\/marleypropertiesmarbella.com\/sv\/\/cf-api\/CF5968b49ec1a33?cf_lang=sv\">\r\n<input type=\"hidden\" id=\"_cf_verify_CF5968b49ec1a33\" name=\"_cf_verify\" value=\"66d80cce3c\"  data-nonce-time=\"1775517165\" \/><input type=\"hidden\" name=\"_wp_http_referer\" value=\"\/sv\/wp-json\/wp\/v2\/pages\/48482\" \/><div id=\"cf2-CF5968b49ec1a33_1\"><\/div><input type=\"hidden\" name=\"_cf_frm_id\" value=\"CF5968b49ec1a33\">\r\n<input type=\"hidden\" name=\"_cf_frm_ct\" value=\"1\">\r\n<input type=\"hidden\" name=\"cfajax\" value=\"CF5968b49ec1a33\">\r\n<input type=\"hidden\" name=\"_cf_cr_pst\" value=\"48482\">\r\n<div class=\"hide\" style=\"display:none; overflow:hidden;height:0;width:0;\">\r\n<label>E-postadress<\/label><input type=\"text\" name=\"email\" value=\"\" autocomplete=\"off\">\r\n<\/div><div id=\"CF5968b49ec1a33_1-row-1\"  class=\"row  first_row\"><div  class=\"col-sm-6  first_col\"><div data-field-wrapper=\"fld_9289611\" class=\"form-group\" id=\"fld_9289611_1-wrap\">\r\n\t<label id=\"fld_9289611Label\" for=\"fld_9289611_1\" class=\"control-label screen-reader-text sr-only\">Name<\/label>\r\n\t<div class=\"\">\r\n\t\t<input placeholder=\"Name\"  required type=\"text\" data-field=\"fld_9289611\" class=\" form-control\" id=\"fld_9289611_1\" name=\"fld_9289611\" value=\"\" data-type=\"text\" aria-required=\"true\"   aria-labelledby=\"fld_9289611Label\" >\t\t\t<\/div>\r\n<\/div>\r\n<\/div><div  class=\"col-sm-6  last_col\"><div data-field-wrapper=\"fld_5906155\" class=\"form-group\" id=\"fld_5906155_1-wrap\">\r\n\t<label id=\"fld_5906155Label\" for=\"fld_5906155_1\" class=\"control-label screen-reader-text sr-only\">Surname<\/label>\r\n\t<div class=\"\">\r\n\t\t<input placeholder=\"Surname\"  required type=\"text\" data-field=\"fld_5906155\" class=\" form-control\" id=\"fld_5906155_1\" name=\"fld_5906155\" value=\"\" data-type=\"text\" aria-required=\"true\"   aria-labelledby=\"fld_5906155Label\" >\t\t\t<\/div>\r\n<\/div>\r\n<\/div><\/div><div id=\"CF5968b49ec1a33_1-row-2\"  class=\"row \"><div  class=\"col-sm-6  first_col\"><div data-field-wrapper=\"fld_5970153\" class=\"form-group\" id=\"fld_5970153_1-wrap\">\r\n\t<label id=\"fld_5970153Label\" for=\"fld_5970153_1\" class=\"control-label screen-reader-text sr-only\">Email<\/label>\r\n\t<div class=\"\">\r\n\t\t<input placeholder=\"Email\"  required type=\"email\" data-field=\"fld_5970153\" class=\" form-control\" id=\"fld_5970153_1\" name=\"fld_5970153\" value=\"\" data-type=\"email\" aria-required=\"true\"   aria-labelledby=\"fld_5970153Label\" >\t\t\t<\/div>\r\n<\/div>\r\n<\/div><div  class=\"col-sm-6  last_col\"><div data-field-wrapper=\"fld_7704916\" class=\"form-group\" id=\"fld_7704916_1-wrap\">\r\n\t<label id=\"fld_7704916Label\" for=\"fld_7704916_1\" class=\"control-label screen-reader-text sr-only\">Phone<\/label>\r\n\t<div class=\"\">\r\n\t\t<input placeholder=\"Phone\"   type=\"number\" data-field=\"fld_7704916\" class=\" form-control\" id=\"fld_7704916_1\" name=\"fld_7704916\" value=\"\" data-type=\"number\" data-parsley-type=\"number\"   aria-labelledby=\"fld_7704916Label\" >\t\t\t<\/div>\r\n<\/div>\r\n<\/div><\/div><div id=\"CF5968b49ec1a33_1-row-3\"  class=\"row \"><div  class=\"col-sm-12  single\"><div data-field-wrapper=\"fld_5962138\" class=\"form-group\" id=\"fld_5962138_1-wrap\">\r\n\t<label id=\"fld_5962138Label\" for=\"fld_5962138_1\" class=\"control-label screen-reader-text sr-only\">Message<\/label>\r\n\t<div class=\"\">\r\n\t\t<textarea name=\"fld_5962138\" value=\"\" data-field=\"fld_5962138\" class=\"form-control\" id=\"fld_5962138_1\" rows=\"4\"    aria-labelledby=\"fld_5962138Label\" ><\/textarea>\n\t\t\t<\/div>\r\n<\/div>\r\n<input    type=\"hidden\" data-field=\"fld_7230609\" class=\" form-control\" id=\"fld_7230609_1\" name=\"fld_7230609\" value=\"Kontakta oss\" data-type=\"hidden\"   ><\/div><\/div><div id=\"CF5968b49ec1a33_1-row-4\"  class=\"row  last_row\"><div  class=\"col-sm-6  first_col\"><div data-field-wrapper=\"fld_9761065\" class=\"form-group\" id=\"fld_9761065_1-wrap\">\r\n<div class=\"\">\r\n\t<input  class=\"btn btn-default\" type=\"submit\" name=\"fld_9761065\" id=\"fld_9761065_1\" value=\"Submit\" data-field=\"fld_9761065\"  >\n<\/div>\r\n<\/div>\r\n\t<input class=\"button_trigger_1\" type=\"hidden\" name=\"fld_9761065\" id=\"fld_9761065_1_btn\" value=\"\" data-field=\"fld_9761065\"  \/>\n<\/div><div  class=\"col-sm-6  last_col\"><div data-field-wrapper=\"fld_8490718\" class=\"form-group\" id=\"fld_8490718_1-wrap\">\r\n\t<label id=\"fld_8490718Label\" for=\"fld_8490718_1\" class=\"control-label screen-reader-text sr-only\">Politica de privacidad<\/label>\r\n\t<div class=\"\">\r\n\t\t\t\t\t\t\n                <label  class=\"checkbox-inline\"                        for=\"fld_8490718_1_opt1832507\"\n                >\n                            <input\n                                data-parsley-required=\"true\" data-parsley-group=\"fld_8490718_1\" data-parsley-multiple=\"fld_8490718_1\"                                type=\"checkbox\"\n                                data-label=\"I accept the &lt;a href=&quot;https:\/\/marleypropertiesmarbella.com\/privacy-policy\/&quot;&gt;terms &amp; conditions&lt;\/a&gt;\"\n                                data-field=\"fld_8490718\"\n                                id=\"fld_8490718_1_opt1832507\"\n                                class=\"fld_8490718_1 option-required\"\n                                name=\"fld_8490718[opt1832507]\"\n                                value=\"I accept the &lt;a href=&quot;https:\/\/marleypropertiesmarbella.com\/privacy-policy\/&quot;&gt;terms &amp; conditions&lt;\/a&gt;\"\n                                                                data-type=\"checkbox\"\n                                data-checkbox-field=\"fld_8490718_1\"\n                                                                data-calc-value=\"I accept the &lt;a href=&quot;https:\/\/marleypropertiesmarbella.com\/privacy-policy\/&quot;&gt;terms &amp; conditions&lt;\/a&gt;\"\n                            >\n                    I accept the <a href=\"https:\/\/marleypropertiesmarbella.com\/privacy-policy\/\">terms & conditions<\/a>                <\/label>\n\n                \t\t\t\t\t\t\t<\/div>\r\n<\/div>\r\n<\/div><\/div><\/form>\r\n<\/div>\r\n<br \/>\n[\/et_pb_text][\/et_pb_column][\/et_pb_row][\/et_pb_section][et_pb_section fb_built=&#8221;1&#8243; fullwidth=&#8221;on&#8221; admin_label=&#8221;Section&#8221; _builder_version=&#8221;4.16&#8243; global_colors_info=&#8221;{}&#8221;][et_pb_fullwidth_map address=&#8221;N-340, Km.194, 7, 29604 Marbella, M\u00e1laga, Spain&#8221; zoom_level=&#8221;12&#8243; address_lat=&#8221;36.502564773389&#8243; address_lng=&#8221;-4.7968743951172&#8243; mouse_wheel=&#8221;off&#8221; admin_label=&#8221;Fullwidth Map&#8221; _builder_version=&#8221;4.23.1&#8243; global_colors_info=&#8221;{}&#8221; locked=&#8221;off&#8221;][et_pb_map_pin title=&#8221;Main Office Marley Properties Marbella &#8221; pin_address=&#8221;Av. Ricardo Soriano, 34, oficina 4, 29601 Marbella, M\u00e1laga, Spain&#8221; pin_address_lat=&#8221;36.5107091&#8243; pin_address_lng=&#8221;-4.8906843&#8243; _builder_version=&#8221;4.23.1&#8243; global_colors_info=&#8221;{}&#8221;]<\/p>\n<p>Puerto de Cabopino, Bloque K Local 2,<\/p>\n<p>[\/et_pb_map_pin][et_pb_map_pin title=&#8221;Oficina Calahonda&#8221; pin_address=&#8221;Via Ue C4 Calahonda, 3, 29649 Mijas, M\u00e1laga, Espa\u00f1a&#8221; pin_address_lat=&#8221;36.48936396459638&#8243; pin_address_lng=&#8221;-4.727998675163235&#8243; _builder_version=&#8221;3.0.47&#8243; global_colors_info=&#8221;{}&#8221;][\/et_pb_map_pin][\/et_pb_fullwidth_map][\/et_pb_section]<\/p>\n","protected":false},"excerpt":{"rendered":"<p>Var finner Ni oss? &nbsp; Marley Properties Marbella finns p\u00e5 2 platser i Marbella. Med v\u00e5ra strategiskt placerade kontor i Marbella och Mijas Costa erbjuder vi er en fantastisk portf\u00f6lj av fastigheter \u00f6ver hela Costa del Sol. &nbsp; Varf\u00f6r b\u00f6r du kontakta oss?? &nbsp; Vi t\u00e4cker hela Costa del Sol fr\u00e5n Malaga till Gibraltar Tack [&hellip;]<\/p>\n","protected":false},"author":1,"featured_media":0,"parent":0,"menu_order":0,"comment_status":"closed","ping_status":"closed","template":"","meta":{"_acf_changed":false,"_et_pb_use_builder":"on","_et_pb_old_content":"[et_pb_section bb_built=\"1\" admin_label=\"section\" fullwidth=\"on\" _builder_version=\"3.0.47\"][et_pb_fullwidth_image admin_label=\"Fullwidth Image\" src=\"https:\/\/marleypropertiesmarbella.com\/wp-content\/uploads\/2017\/06\/shutterstock_592062722-1.jpg\" _builder_version=\"3.0.51\" \/][\/et_pb_section][et_pb_section bb_built=\"1\" admin_label=\"Section\" _builder_version=\"3.0.47\"][et_pb_row admin_label=\"Row\" _builder_version=\"3.0.47\" background_size=\"initial\" background_position=\"top_left\" background_repeat=\"repeat\"][et_pb_column type=\"1_3\"][et_pb_text admin_label=\"Text\" _builder_version=\"3.0.51\" background_size=\"initial\" background_position=\"top_left\" background_repeat=\"repeat\" background_layout=\"light\" text_orientation=\"left\" border_style=\"solid\"]\r\n\r\n<i class=\"fa fa-map-marker\" style=\"color: #68baec; margin-bottom: 2px; margin-left: 10px; font-size: 29px;\"><\/i>\r\nAddress\r\nPlaza del Mar\r\nPuerto de Cabopino, Bloque K\r\nOffice 2, 29604 Marbella\r\n\r\n<i class=\"fa fa-phone\" style=\"color: #68baec; margin-bottom: 2px; margin-left: 10px; font-size: 29px;\"><\/i>\r\nPhone:\r\n(0034) 951 660 147\r\n(0034).693 235 833\r\n\r\n<i class=\"fa fa-envelope\" style=\"color: #68baec; margin-bottom: 2px; margin-left: 10px; font-size: 29px;\"><\/i>\r\nEmail:\r\ninfo@marleypropertiesmarbella.com\r\n\r\n[\/et_pb_text][\/et_pb_column][et_pb_column type=\"2_3\"][et_pb_text admin_label=\"Text\" _builder_version=\"3.0.51\" background_layout=\"light\" text_orientation=\"left\" border_style=\"solid\"]\r\n\r\n[caldera_form id=\"CF5968b49ec1a33\"]\r\n\r\n[\/et_pb_text][\/et_pb_column][\/et_pb_row][\/et_pb_section][et_pb_section bb_built=\"1\" admin_label=\"Section\" fullwidth=\"on\" _builder_version=\"3.0.47\"][et_pb_fullwidth_map admin_label=\"Fullwidth Map\" address=\"Camping Cabopino, Carretera N-340, Km.194,7, 29604 Marbella, M\u00e1laga, Espa\u00f1a\" zoom_level=\"15\" address_lat=\"36.481235117462916\" address_lng=\"-4.7433824914363605\" mouse_wheel=\"off\" _builder_version=\"3.0.51\"]\r\n\r\n[et_pb_map_pin title=\"Main Office Marley Properties Marbella \" pin_address=\"Urb. Cabopino, 1L, 29604 Marbella, M\u00e1laga, Espa\u00f1a\" pin_address_lat=\"36.485511268744254\" pin_address_lng=\"-4.741806693640115\" _builder_version=\"3.0.47\"]\r\n\r\nPuerto de Cabopino, Bloque K Local 2,\r\n\r\n[\/et_pb_map_pin]\r\n\r\n[\/et_pb_fullwidth_map][\/et_pb_section]","_et_gb_content_width":"","footnotes":""},"class_list":["post-48482","page","type-page","status-publish","hentry"],"acf":[],"_links":{"self":[{"href":"https:\/\/marleypropertiesmarbella.com\/sv\/wp-json\/wp\/v2\/pages\/48482","targetHints":{"allow":["GET"]}}],"collection":[{"href":"https:\/\/marleypropertiesmarbella.com\/sv\/wp-json\/wp\/v2\/pages"}],"about":[{"href":"https:\/\/marleypropertiesmarbella.com\/sv\/wp-json\/wp\/v2\/types\/page"}],"author":[{"embeddable":true,"href":"https:\/\/marleypropertiesmarbella.com\/sv\/wp-json\/wp\/v2\/users\/1"}],"replies":[{"embeddable":true,"href":"https:\/\/marleypropertiesmarbella.com\/sv\/wp-json\/wp\/v2\/comments?post=48482"}],"version-history":[{"count":9,"href":"https:\/\/marleypropertiesmarbella.com\/sv\/wp-json\/wp\/v2\/pages\/48482\/revisions"}],"predecessor-version":[{"id":198323,"href":"https:\/\/marleypropertiesmarbella.com\/sv\/wp-json\/wp\/v2\/pages\/48482\/revisions\/198323"}],"wp:attachment":[{"href":"https:\/\/marleypropertiesmarbella.com\/sv\/wp-json\/wp\/v2\/media?parent=48482"}],"curies":[{"name":"wp","href":"https:\/\/api.w.org\/{rel}","templated":true}]}}