{"id":51768,"date":"2017-08-24T06:34:57","date_gmt":"2017-08-24T06:34:57","guid":{"rendered":"http:\/\/marleypropertiesmarbella.com\/healthcare\/"},"modified":"2017-08-28T13:53:49","modified_gmt":"2017-08-28T13:53:49","slug":"healthcare","status":"publish","type":"page","link":"https:\/\/marleypropertiesmarbella.com\/nl\/healthcare\/","title":{"rendered":"Healthcare"},"content":{"rendered":"<p>[et_pb_section bb_built=&#8221;1&#8243; admin_label=&#8221;Section&#8221; fullwidth=&#8221;on&#8221; specialty=&#8221;off&#8221;][et_pb_fullwidth_image admin_label=&#8221;Fullwidth Image&#8221; _builder_version=&#8221;3.0.51&#8243; src=&#8221;https:\/\/marleypropertiesmarbella.com\/wp-content\/uploads\/2017\/06\/banner-marbella.jpg&#8221; show_in_lightbox=&#8221;off&#8221; url_new_window=&#8221;off&#8221; use_overlay=&#8221;off&#8221; border_style=&#8221;solid&#8221; animation=&#8221;left&#8221; \/][\/et_pb_section][et_pb_section bb_built=&#8221;1&#8243; admin_label=&#8221;section&#8221;][et_pb_row admin_label=&#8221;row&#8221; background_position=&#8221;top_left&#8221; background_repeat=&#8221;repeat&#8221; background_size=&#8221;initial&#8221;][et_pb_column type=&#8221;4_4&#8243;][et_pb_text admin_label=&#8221;Text&#8221; _builder_version=&#8221;3.0.51&#8243; background_layout=&#8221;light&#8221; text_orientation=&#8221;left&#8221; border_style=&#8221;solid&#8221;]<\/p>\n<h2><span style=\"color: #68baec;\">Gezondheidszorg aan de Costa del Sol<\/span><\/h2>\n<p style=\"color: #111111; font-size: 16px; font-weight: 300; text-align: left;\">Spanje heeft uitstekende gezondheidszorg, die doorgaans onder de beste van de wereld is gerangschikt. Ziekenhuizen en klinieken in heel het land profiteren van moderne faciliteiten, korte wachttijden en uitzonderlijke diensten en behandelingen.<br \/>\nHet gezondheidssysteem van Costa del Sol weerspiegelt de rest van Spanje, met het bijkomende voordeel dat u hier meer Engelssprekende medisch personeel vindt &#8211; evenals die in andere talen bedreven zijn. Of u nu een ziektearts nodig hebt, een ongeval heeft gehad of doorlopende behandeling en overleg nodig heeft, de ziekenhuizen aan de Costa del Sol zijn uitzonderlijk, zowel staats als particulier. Goed opgeleid medisch personeel heeft toegang tot state-of-the-art apparatuur en zijn aangenaam, behulpzaam en professioneel.<\/p>\n<p style=\"color: #111111; font-size: 16px; font-weight: 300; text-align: left;\">\nZo is de kwaliteit van de zorg, Spanje wordt een bestemming voor gezondheids- en tandheelkunde, met prijzen in particuliere klinieken zeer concurrerend ten opzichte van Noord-Europa. Het weer in Zuid-Spanje helpt natuurlijk op zichzelf.<\/p>\n<p style=\"color: #111111; font-size: 16px; font-weight: 300; text-align: left;\">\nHieronder hebben we een lijst samengesteld van enkele ziekenhuizen aan de Costa del Sol die wij aanbevelen.<\/p>\n<p style=\"color: #111111; font-size: 16px; font-weight: 300; text-align: left;\">\n<span style=\"color: #68baec;\"><b>Hospital Costa del Sol<\/b><\/span><br \/>\nHet ziekenhuis Costa del Sol ligt in Los Monteros, vlakbij de belangrijkste kustweg A7 ten oosten van het stadscentrum van Marbella. Het is \u00e9\u00e9n van de grootste ziekenhuizen aan de Costa del Sol. Een goed percentage van zijn pati\u00ebnten zijn niet-Spaanse sprekenden, dus het heeft een aantal vrijwillige tolken, waardoor het \u00e9\u00e9n van de beste keuzes voor gezondheidszorg is voor expats op de Costa del Sol. Het heeft ook meerdere engelssprekende artsen.<br \/>\nContact: www.hcs.es\n<\/p>\n<p style=\"color: #111111; font-size: 16px; font-weight: 300; text-align: left;\">\n<span style=\"color: #68baec;\"><b>Carlos Haya Hospital<\/b><\/span><br \/>\nEen ander ziekenhuis in de gezondheidszorg is de Carlos Haya, dat drie gebouwen in het centrum van Malaga heeft. Het hoofdgebouw ligt op Avenida Carlos Haya. Dit is ook een onderwijsziekenhuis, dus de normen van diagnose en behandeling worden over het algemeen beschouwd als \u00e9\u00e9n van de beste in Spanje. Er kunnen enkele Engelstalige artsen zijn, maar het kan niet gegarandeerd worden. Indien nodig kunnen tolken worden geregeld.<br \/>\nContact: www.hospitalregionaldemalaga.es\n<\/p>\n<p style=\"color: #111111; font-size: 16px; font-weight: 300; text-align: left;\">\n<span style=\"color: #68baec;\"><b>Helicopteros Sanitarios<\/b><\/span><br \/>\nHelicopteros Sanitarios is een prive-nooddienst die 24 uur per dag voor een jaarlijkse vergoeding tot uw dienst komt. Hun service dekking strekt zich van Torremolinos naar Alcaidesa. Hun website is ook in het Engels. Onlangs hebben ze hun nadruk van noodbehandeling veranderd naar een &#8216;huisarts service&#8217;, met een gekwalificeerde arts die elke oproep bijwoont.<br \/>\nContact: www.helicopterossanitarios.com\n<\/p>\n<p style=\"color: #111111; font-size: 16px; font-weight: 300; text-align: left;\">\n<span style=\"color: #68baec;\"><b>Xanit Hospital ( private)<\/b><\/span><br \/>\nHet ziekenhuis van Xanit ligt in Benalm\u00e1dena aan de Avenida de los Argonautas, waardoor het gemakkelijk bereikbaar is voor inwoners van Benalm\u00e1dena, Torremolinos en Fuengirola. Het heeft een team van meer dan 680 medisch personeel, waarvan 250 artsen onder leiding zijn van professionals die op nationaal en internationaal niveau bekend zijn. Hun website is beschikbaar in het Spaans, Engels, Fins en andere talen, ook hebben ze engelsprekende artsen.<br \/>\nContact: http:\/\/xanit.es\/en\n<\/p>\n<p style=\"color: #111111; font-size: 16px; font-weight: 300; text-align: left;\">\n<span style=\"color: #68baec;\"><b>Hospital Quiron, Marbella ( private)<\/b><\/span><br \/>\nZiekenhuis Quiron maakt deel uit van de toonaangevende particuliere ziekenhuisgroep van Spanje en hun breed ziekenhuisnetwerk beschikt over gezondheidscentra in heel Spanje, waaronder Madrid, Barcelona, Alicante en Marbella. Ze bieden een uiterst gepersonaliseerde behandeling en bieden u een persoonlijke gezondheidsadviseur aan, met wie u uw eigen taal kan spreken en die u tijdens het gehele proces zal bijstaan.<br \/>\nContact: www.quironsalud.es\n<\/p>\n<p>[\/et_pb_text][\/et_pb_column][\/et_pb_row][\/et_pb_section]<\/p>\n","protected":false},"excerpt":{"rendered":"<p>Gezondheidszorg aan de Costa del Sol Spanje heeft uitstekende gezondheidszorg, die doorgaans onder de beste van de wereld is gerangschikt. Ziekenhuizen en klinieken in heel het land profiteren van moderne faciliteiten, korte wachttijden en uitzonderlijke diensten en behandelingen. Het gezondheidssysteem van Costa del Sol weerspiegelt de rest van Spanje, met het bijkomende voordeel dat u [&hellip;]<\/p>\n","protected":false},"author":1,"featured_media":0,"parent":0,"menu_order":0,"comment_status":"closed","ping_status":"closed","template":"","meta":{"_acf_changed":false,"_et_pb_use_builder":"on","_et_pb_old_content":"[et_pb_section bb_built=\"1\" admin_label=\"Section\" fullwidth=\"on\" specialty=\"off\"][et_pb_fullwidth_image admin_label=\"Fullwidth Image\" _builder_version=\"3.0.51\" src=\"https:\/\/marleypropertiesmarbella.com\/wp-content\/uploads\/2017\/06\/banner-marbella.jpg\" show_in_lightbox=\"off\" url_new_window=\"off\" use_overlay=\"off\" border_style=\"solid\" animation=\"left\" \/][\/et_pb_section][et_pb_section bb_built=\"1\" admin_label=\"section\"][et_pb_row admin_label=\"row\" background_position=\"top_left\" background_repeat=\"repeat\" background_size=\"initial\"][et_pb_column type=\"4_4\"][et_pb_text admin_label=\"Text\" _builder_version=\"3.0.51\" background_layout=\"light\" text_orientation=\"left\" border_style=\"solid\"]\r\n\r\n<h2><span style=\"color: #68baec;\">Healthcare on the Costa del Sol<\/span><\/h2>\r\n<p style=\"color: #111111; font-size: 16px; font-weight: 300; text-align: left;\">Spain has excellent healthcare, which has consistently been ranked amongst the world\u2019s best. Hospitals and clinics throughout the country benefit from modern facilities, short waiting times as well as exceptional services and treatments.\r\nThe Costa del Sol healthcare system reflects the rest of Spain, with the added advantage that you are more likely to find English speaking medical staff here \u2013 as well as those proficient in other languages. Whether you require a doctor for illness, have suffered an accident or need continuous treatment and consultation, the hospitals on the Costa del Sol are exceptional, both state and privately owned. Well-trained medical staff have access to state-of-the-art equipment and are pleasant, helpful and professional.<\/p>\r\n<p style=\"color: #111111; font-size: 16px; font-weight: 300; text-align: left;\">\r\nSuch is the quality of care, Spain is becoming a destination for health and dental tourism, with prices in private clinics very competitive compared with Northern Europe. The weather in Southern Spain of course helps in itself.<\/p>\r\n<p style=\"color: #111111; font-size: 16px; font-weight: 300; text-align: left;\">\r\nBelow we have compiled a list of some of the hospitals on the Costa del Sol that we recommend.<\/p>\r\n<p style=\"color: #111111; font-size: 16px; font-weight: 300; text-align: left;\">\r\n<span style=\"color: #68baec;\"><b>Hospital Costa del Sol<\/b><\/span>\r\nHospital Costa del Sol is  located at Los Monteros, just off the main coastal road A7 east of Marbella town centre. It is one of the largest hospitals on the Costa del Sol. A good percentage of its patients are non-Spanish speaking so it has a number of voluntary interpreters, making it one of the best public health service choices for expats on the Costa del Sol. It also has several English speaking doctors.\r\nContact: www.hcs.es\r\n<\/p>\r\n<p style=\"color: #111111; font-size: 16px; font-weight: 300; text-align: left;\">\r\n<span style=\"color: #68baec;\"><b>Carlos Haya Hospital<\/b><\/span>\r\nAnother public health service hospital is the Carlos Haya, which occupies three buildings in the centre of Malaga. The main building is located on Avenida Carlos Haya. This is also a teaching hospital, so the standards of diagnosis and treatment are generally thought to be among the best in Spain. There may be a few English speaking doctors but it is not something that can be guaranteed. If needed, interpreters can be arranged.\r\nContact: www.hospitalregionaldemalaga.es\r\n<\/p>\r\n<p style=\"color: #111111; font-size: 16px; font-weight: 300; text-align: left;\">\r\n<span style=\"color: #68baec;\"><b>Helicopteros Sanitarios<\/b><\/span>\r\nHelicopteros Sanitarios is a private emergency service that for an annual fee will be at your service every day round the clock. Their service coverage ranges from Torremolinos to Alcaidesa. Their website is provided in English as well. Recently they have changed their emphasis from emergency treatment to a 'home GP service', with a qualified doctor attending every call.\r\nContact: www.helicopterossanitarios.com\r\n<\/p>\r\n<p style=\"color: #111111; font-size: 16px; font-weight: 300; text-align: left;\">\r\n<span style=\"color: #68baec;\"><b>Xanit Hospital ( private)<\/b><\/span>\r\nXanit Hospital is located in Benalm\u00e1dena on Avenida de los Argonautas, making it easily accessible for residents of Benalm\u00e1dena, Torremolinos and Fuengirola. It has a team of more than 680 medical staff, of which 250 are doctors led by professionals renowned at national and international levels. Their website is provided in Spanish, English, Finnish and other languages and they have English speaking doctors.\r\nContact: http:\/\/xanit.es\/en\r\n<\/p>\r\n<p style=\"color: #111111; font-size: 16px; font-weight: 300; text-align: left;\">\r\n<span style=\"color: #68baec;\"><b>Hospital Quiron, Marbella ( private)<\/b><\/span>\r\nHospital Quiron, Marbella ( private)\r\nHospital Quiron is a part of Spain\u2019s leading private hospital group and their broad hospital network features health centres throughout Spain including Madrid, Barcelona, Alicante and Marbella. They provide highly personalised treatment and will assign to you a personal health adviser with whom you can speak your own language and who will be by your side throughout the entire process.\r\nContact: www.quironsalud.es\r\n<\/p>\r\n\r\n[\/et_pb_text][\/et_pb_column][\/et_pb_row][\/et_pb_section]","_et_gb_content_width":"","footnotes":""},"class_list":["post-51768","page","type-page","status-publish","hentry"],"acf":[],"_links":{"self":[{"href":"https:\/\/marleypropertiesmarbella.com\/nl\/wp-json\/wp\/v2\/pages\/51768","targetHints":{"allow":["GET"]}}],"collection":[{"href":"https:\/\/marleypropertiesmarbella.com\/nl\/wp-json\/wp\/v2\/pages"}],"about":[{"href":"https:\/\/marleypropertiesmarbella.com\/nl\/wp-json\/wp\/v2\/types\/page"}],"author":[{"embeddable":true,"href":"https:\/\/marleypropertiesmarbella.com\/nl\/wp-json\/wp\/v2\/users\/1"}],"replies":[{"embeddable":true,"href":"https:\/\/marleypropertiesmarbella.com\/nl\/wp-json\/wp\/v2\/comments?post=51768"}],"version-history":[{"count":2,"href":"https:\/\/marleypropertiesmarbella.com\/nl\/wp-json\/wp\/v2\/pages\/51768\/revisions"}],"predecessor-version":[{"id":52148,"href":"https:\/\/marleypropertiesmarbella.com\/nl\/wp-json\/wp\/v2\/pages\/51768\/revisions\/52148"}],"wp:attachment":[{"href":"https:\/\/marleypropertiesmarbella.com\/nl\/wp-json\/wp\/v2\/media?parent=51768"}],"curies":[{"name":"wp","href":"https:\/\/api.w.org\/{rel}","templated":true}]}}