{"id":62982,"date":"2018-01-22T14:09:59","date_gmt":"2018-01-22T14:09:59","guid":{"rendered":"http:\/\/marleypropertiesmarbella.com\/?page_id=62982\/"},"modified":"2023-12-13T12:30:18","modified_gmt":"2023-12-13T12:30:18","slug":"contact","status":"publish","type":"page","link":"https:\/\/marleypropertiesmarbella.com\/fr\/contact\/","title":{"rendered":"Contact"},"content":{"rendered":"<p>[et_pb_section fb_built=\u00a0\u00bb1&Prime; fullwidth=\u00a0\u00bbon\u00a0\u00bb admin_label=\u00a0\u00bbsection\u00a0\u00bb _builder_version=\u00a0\u00bb4.16&Prime; global_colors_info=\u00a0\u00bb{}\u00a0\u00bb][et_pb_fullwidth_image src=\u00a0\u00bbhttps:\/\/marleypropertiesmarbella.com\/wp-content\/uploads\/2017\/06\/shutterstock_592062722-1.jpg\u00a0\u00bb admin_label=\u00a0\u00bbFullwidth Image\u00a0\u00bb _builder_version=\u00a0\u00bb4.16&Prime; animation_style=\u00a0\u00bbslide\u00a0\u00bb animation_direction=\u00a0\u00bbleft\u00a0\u00bb animation_duration=\u00a0\u00bb500ms\u00a0\u00bb animation_intensity_slide=\u00a0\u00bb10%\u00a0\u00bb global_colors_info=\u00a0\u00bb{}\u00a0\u00bb][\/et_pb_fullwidth_image][\/et_pb_section][et_pb_section fb_built=\u00a0\u00bb1&Prime; admin_label=\u00a0\u00bbSection\u00a0\u00bb _builder_version=\u00a0\u00bb4.16&Prime; global_colors_info=\u00a0\u00bb{}\u00a0\u00bb][et_pb_row admin_label=\u00a0\u00bbRow\u00a0\u00bb _builder_version=\u00a0\u00bb4.16&Prime; background_size=\u00a0\u00bbinitial\u00a0\u00bb background_position=\u00a0\u00bbtop_left\u00a0\u00bb background_repeat=\u00a0\u00bbrepeat\u00a0\u00bb global_colors_info=\u00a0\u00bb{}\u00a0\u00bb][et_pb_column type=\u00a0\u00bb4_4&Prime; _builder_version=\u00a0\u00bb4.16&Prime; custom_padding=\u00a0\u00bb|||\u00a0\u00bb global_colors_info=\u00a0\u00bb{}\u00a0\u00bb custom_padding__hover=\u00a0\u00bb|||\u00a0\u00bb][et_pb_text admin_label=\u00a0\u00bbText\u00a0\u00bb _builder_version=\u00a0\u00bb4.16&Prime; global_colors_info=\u00a0\u00bb{}\u00a0\u00bb]<\/p>\n<h1>O\u00f9 nous trouver??<\/h1>\n<p>&nbsp;<\/p>\n<p><b>Marley Properties Marbella<\/b> dispose de deux bureaux strat\u00e9giquement situ\u00e9s afin de nous permettre de couvrir toute la Costa del Sol, et de mieux servir nos clients.<br \/>\nIls sont situ\u00e9s: l\u2019un dans le port de Cabopino, \u00e0 Marbella et l\u2019autre \u00e0 Calahonda, \u00e0 Mijas Costa.<\/p>\n<p>&nbsp;<\/p>\n<h2>Pourquoi devriez-vous nous contacter??<\/h2>\n<p>&nbsp;<\/p>\n<p>&nbsp;<\/p>\n<ul>\n<li>Nous couvrons toute la Costa del Sol &#8211; de Malaga \u00e0 Gibraltar<\/li>\n<li>Gr\u00e2ce \u00e0 nos collaborateurs, nous pouvons vous montrer toute propri\u00e9t\u00e9 \u00e0 vendre sur la Costa del Sol \u2013 des nouveaux projets et d\u00e9veloppements aux reprises de banque<\/li>\n<li>Nous formons une \u00e9quipe tr\u00e8s travailleuse et fiable &#8211; Nous sommes \u00e0 votre disposition 7 jours sur 7.<\/li>\n<li>Notre \u00e9quipe poss\u00e8de une vaste exp\u00e9rience dans le secteur immobilier<\/li>\n<li>Nous avons v\u00e9cu et travaill\u00e9 sur la Costa del Sol pendant de nombreuses ann\u00e9es, et nous serons heureux de vous venir en aide en vous conseillant sur tous les aspects de la vie en Espagne.<\/li>\n<li>Nous parlons votre langue &#8211; Nous parlons: fran\u00e7ais, anglais, su\u00e9dois, n\u00e9erlandais, allemand, finlandais et espagnol.<\/li>\n<\/ul>\n<p>&nbsp;<\/p>\n<p>&nbsp;<\/p>\n<h3 style=\"text-align: center;\">Veuillez remplir le formulaire de contact ci-dessous ou nous appeler. Nous serons heureux de venir en aide.<\/h3>\n<p>[\/et_pb_text][\/et_pb_column][\/et_pb_row][et_pb_row column_structure=\u00a0\u00bb1_4,1_4,1_2&Prime; admin_label=\u00a0\u00bbRow\u00a0\u00bb _builder_version=\u00a0\u00bb4.16&Prime; background_size=\u00a0\u00bbinitial\u00a0\u00bb background_position=\u00a0\u00bbtop_left\u00a0\u00bb background_repeat=\u00a0\u00bbrepeat\u00a0\u00bb global_colors_info=\u00a0\u00bb{}\u00a0\u00bb][et_pb_column type=\u00a0\u00bb1_4&Prime; _builder_version=\u00a0\u00bb4.16&Prime; custom_padding=\u00a0\u00bb|||\u00a0\u00bb global_colors_info=\u00a0\u00bb{}\u00a0\u00bb custom_padding__hover=\u00a0\u00bb|||\u00a0\u00bb][et_pb_text admin_label=\u00a0\u00bbText\u00a0\u00bb _builder_version=\u00a0\u00bb4.23.1&Prime; background_size=\u00a0\u00bbinitial\u00a0\u00bb background_position=\u00a0\u00bbtop_left\u00a0\u00bb background_repeat=\u00a0\u00bbrepeat\u00a0\u00bb global_colors_info=\u00a0\u00bb{}\u00a0\u00bb]<\/p>\n<p>&nbsp;<\/p>\n<p><strong>Adresse Marbella<\/strong><\/p>\n<p>Ricardo Soriano 34, Pl2 oficina 4 edif portillo 29601 Marbella.<\/p>\n<p>&nbsp;<\/p>\n<p>T\u00e9l\u00e9phone:<\/p>\n<p>(0034) 951 203 857<\/p>\n<p>(0034) 951 120 186<\/p>\n<p>&nbsp;<\/p>\n<p>Email:<\/p>\n<p>info@marleypropertiesmarbella.com<\/p>\n<p>[\/et_pb_text][\/et_pb_column][et_pb_column type=\u00a0\u00bb1_4&Prime; _builder_version=\u00a0\u00bb4.16&Prime; custom_padding=\u00a0\u00bb|||\u00a0\u00bb global_colors_info=\u00a0\u00bb{}\u00a0\u00bb custom_padding__hover=\u00a0\u00bb|||\u00a0\u00bb][et_pb_text admin_label=\u00a0\u00bbText\u00a0\u00bb _builder_version=\u00a0\u00bb4.16&Prime; background_size=\u00a0\u00bbinitial\u00a0\u00bb background_position=\u00a0\u00bbtop_left\u00a0\u00bb background_repeat=\u00a0\u00bbrepeat\u00a0\u00bb global_colors_info=\u00a0\u00bb{}\u00a0\u00bb]<\/p>\n<p style=\"text-align: left;\">\n<p><strong>Adresse Calahonda<\/strong><\/p>\n<p>Complejo Lidl Local 3<\/p>\n<p>Calahonda 29649<\/p>\n<p>Mijas Costa<\/p>\n<p style=\"text-align: left;\">\n<p>T\u00e9l\u00e9phone:<\/p>\n<p>(0034) 951 203 857<\/p>\n<p>(0034) 951 120 186<\/p>\n<p style=\"text-align: left;\">\n<p>Email:<\/p>\n<p>info@marleypropertiesmarbella.com<\/p>\n<p>[\/et_pb_text][\/et_pb_column][et_pb_column type=\u00a0\u00bb1_2&Prime; _builder_version=\u00a0\u00bb4.16&Prime; custom_padding=\u00a0\u00bb|||\u00a0\u00bb global_colors_info=\u00a0\u00bb{}\u00a0\u00bb custom_padding__hover=\u00a0\u00bb|||\u00a0\u00bb][et_pb_text admin_label=\u00a0\u00bbText\u00a0\u00bb _builder_version=\u00a0\u00bb4.16&Prime; global_colors_info=\u00a0\u00bb{}\u00a0\u00bb]<div class=\"caldera-grid\" id=\"caldera_form_1\" data-cf-ver=\"1.9.7\" data-cf-form-id=\"CF5968b49ec1a33\"><div id=\"caldera_notices_1\" data-spinner=\"https:\/\/marleypropertiesmarbella.com\/wp-admin\/images\/spinner.gif\"><\/div><form data-instance=\"1\" class=\"CF5968b49ec1a33 caldera_forms_form cfajax-trigger\" method=\"POST\" enctype=\"multipart\/form-data\" id=\"CF5968b49ec1a33_1\" data-form-id=\"CF5968b49ec1a33\" aria-label=\"contact form\" data-target=\"#caldera_notices_1\" data-template=\"#cfajax_CF5968b49ec1a33-tmpl\" data-cfajax=\"CF5968b49ec1a33\" data-load-element=\"_parent\" data-load-class=\"cf_processing\" data-post-disable=\"0\" data-action=\"cf_process_ajax_submit\" data-request=\"https:\/\/marleypropertiesmarbella.com\/fr\/\/cf-api\/CF5968b49ec1a33?cf_lang=fr\">\r\n<input type=\"hidden\" id=\"_cf_verify_CF5968b49ec1a33\" name=\"_cf_verify\" value=\"2df969bebc\"  data-nonce-time=\"1776996673\" \/><input type=\"hidden\" name=\"_wp_http_referer\" value=\"\/fr\/wp-json\/wp\/v2\/pages\/62982\" \/><div id=\"cf2-CF5968b49ec1a33_1\"><\/div><input type=\"hidden\" name=\"_cf_frm_id\" value=\"CF5968b49ec1a33\">\r\n<input type=\"hidden\" name=\"_cf_frm_ct\" value=\"1\">\r\n<input type=\"hidden\" name=\"cfajax\" value=\"CF5968b49ec1a33\">\r\n<input type=\"hidden\" name=\"_cf_cr_pst\" value=\"62982\">\r\n<div class=\"hide\" style=\"display:none; overflow:hidden;height:0;width:0;\">\r\n<label>Twitter<\/label><input type=\"text\" name=\"twitter\" value=\"\" autocomplete=\"off\">\r\n<\/div><div id=\"CF5968b49ec1a33_1-row-1\"  class=\"row  first_row\"><div  class=\"col-sm-6  first_col\"><div data-field-wrapper=\"fld_9289611\" class=\"form-group\" id=\"fld_9289611_1-wrap\">\r\n\t<label id=\"fld_9289611Label\" for=\"fld_9289611_1\" class=\"control-label screen-reader-text sr-only\">Name<\/label>\r\n\t<div class=\"\">\r\n\t\t<input placeholder=\"Name\"  required type=\"text\" data-field=\"fld_9289611\" class=\" form-control\" id=\"fld_9289611_1\" name=\"fld_9289611\" value=\"\" data-type=\"text\" aria-required=\"true\"   aria-labelledby=\"fld_9289611Label\" >\t\t\t<\/div>\r\n<\/div>\r\n<\/div><div  class=\"col-sm-6  last_col\"><div data-field-wrapper=\"fld_5906155\" class=\"form-group\" id=\"fld_5906155_1-wrap\">\r\n\t<label id=\"fld_5906155Label\" for=\"fld_5906155_1\" class=\"control-label screen-reader-text sr-only\">Surname<\/label>\r\n\t<div class=\"\">\r\n\t\t<input placeholder=\"Surname\"  required type=\"text\" data-field=\"fld_5906155\" class=\" form-control\" id=\"fld_5906155_1\" name=\"fld_5906155\" value=\"\" data-type=\"text\" aria-required=\"true\"   aria-labelledby=\"fld_5906155Label\" >\t\t\t<\/div>\r\n<\/div>\r\n<\/div><\/div><div id=\"CF5968b49ec1a33_1-row-2\"  class=\"row \"><div  class=\"col-sm-6  first_col\"><div data-field-wrapper=\"fld_5970153\" class=\"form-group\" id=\"fld_5970153_1-wrap\">\r\n\t<label id=\"fld_5970153Label\" for=\"fld_5970153_1\" class=\"control-label screen-reader-text sr-only\">Email<\/label>\r\n\t<div class=\"\">\r\n\t\t<input placeholder=\"Email\"  required type=\"email\" data-field=\"fld_5970153\" class=\" form-control\" id=\"fld_5970153_1\" name=\"fld_5970153\" value=\"\" data-type=\"email\" aria-required=\"true\"   aria-labelledby=\"fld_5970153Label\" >\t\t\t<\/div>\r\n<\/div>\r\n<\/div><div  class=\"col-sm-6  last_col\"><div data-field-wrapper=\"fld_7704916\" class=\"form-group\" id=\"fld_7704916_1-wrap\">\r\n\t<label id=\"fld_7704916Label\" for=\"fld_7704916_1\" class=\"control-label screen-reader-text sr-only\">Phone<\/label>\r\n\t<div class=\"\">\r\n\t\t<input placeholder=\"Phone\"   type=\"number\" data-field=\"fld_7704916\" class=\" form-control\" id=\"fld_7704916_1\" name=\"fld_7704916\" value=\"\" data-type=\"number\" data-parsley-type=\"number\"   aria-labelledby=\"fld_7704916Label\" >\t\t\t<\/div>\r\n<\/div>\r\n<\/div><\/div><div id=\"CF5968b49ec1a33_1-row-3\"  class=\"row \"><div  class=\"col-sm-12  single\"><div data-field-wrapper=\"fld_5962138\" class=\"form-group\" id=\"fld_5962138_1-wrap\">\r\n\t<label id=\"fld_5962138Label\" for=\"fld_5962138_1\" class=\"control-label screen-reader-text sr-only\">Message<\/label>\r\n\t<div class=\"\">\r\n\t\t<textarea name=\"fld_5962138\" value=\"\" data-field=\"fld_5962138\" class=\"form-control\" id=\"fld_5962138_1\" rows=\"4\"    aria-labelledby=\"fld_5962138Label\" ><\/textarea>\n\t\t\t<\/div>\r\n<\/div>\r\n<input    type=\"hidden\" data-field=\"fld_7230609\" class=\" form-control\" id=\"fld_7230609_1\" name=\"fld_7230609\" value=\"Contact\" data-type=\"hidden\"   ><\/div><\/div><div id=\"CF5968b49ec1a33_1-row-4\"  class=\"row  last_row\"><div  class=\"col-sm-6  first_col\"><div data-field-wrapper=\"fld_9761065\" class=\"form-group\" id=\"fld_9761065_1-wrap\">\r\n<div class=\"\">\r\n\t<input  class=\"btn btn-default\" type=\"submit\" name=\"fld_9761065\" id=\"fld_9761065_1\" value=\"Submit\" data-field=\"fld_9761065\"  >\n<\/div>\r\n<\/div>\r\n\t<input class=\"button_trigger_1\" type=\"hidden\" name=\"fld_9761065\" id=\"fld_9761065_1_btn\" value=\"\" data-field=\"fld_9761065\"  \/>\n<\/div><div  class=\"col-sm-6  last_col\"><div data-field-wrapper=\"fld_8490718\" class=\"form-group\" id=\"fld_8490718_1-wrap\">\r\n\t<label id=\"fld_8490718Label\" for=\"fld_8490718_1\" class=\"control-label screen-reader-text sr-only\">Politica de privacidad<\/label>\r\n\t<div class=\"\">\r\n\t\t\t\t\t\t\n                <label  class=\"checkbox-inline\"                        for=\"fld_8490718_1_opt1832507\"\n                >\n                            <input\n                                data-parsley-required=\"true\" data-parsley-group=\"fld_8490718_1\" data-parsley-multiple=\"fld_8490718_1\"                                type=\"checkbox\"\n                                data-label=\"I accept the &lt;a href=&quot;https:\/\/marleypropertiesmarbella.com\/privacy-policy\/&quot;&gt;terms &amp; conditions&lt;\/a&gt;\"\n                                data-field=\"fld_8490718\"\n                                id=\"fld_8490718_1_opt1832507\"\n                                class=\"fld_8490718_1 option-required\"\n                                name=\"fld_8490718[opt1832507]\"\n                                value=\"I accept the &lt;a href=&quot;https:\/\/marleypropertiesmarbella.com\/privacy-policy\/&quot;&gt;terms &amp; conditions&lt;\/a&gt;\"\n                                                                data-type=\"checkbox\"\n                                data-checkbox-field=\"fld_8490718_1\"\n                                                                data-calc-value=\"I accept the &lt;a href=&quot;https:\/\/marleypropertiesmarbella.com\/privacy-policy\/&quot;&gt;terms &amp; conditions&lt;\/a&gt;\"\n                            >\n                    I accept the <a href=\"https:\/\/marleypropertiesmarbella.com\/privacy-policy\/\">terms & conditions<\/a>                <\/label>\n\n                \t\t\t\t\t\t\t<\/div>\r\n<\/div>\r\n<\/div><\/div><\/form>\r\n<\/div>\r\n<br \/>\n[\/et_pb_text][\/et_pb_column][\/et_pb_row][\/et_pb_section][et_pb_section fb_built=\u00a0\u00bb1&Prime; fullwidth=\u00a0\u00bbon\u00a0\u00bb admin_label=\u00a0\u00bbSection\u00a0\u00bb _builder_version=\u00a0\u00bb4.16&Prime; global_colors_info=\u00a0\u00bb{}\u00a0\u00bb][et_pb_fullwidth_map address=\u00a0\u00bbN-340, Km.194, 7, 29604 Marbella, M\u00e1laga, Spain\u00a0\u00bb zoom_level=\u00a0\u00bb12&Prime; address_lat=\u00a0\u00bb36.502564773389&Prime; address_lng=\u00a0\u00bb-4.7968743951172&Prime; mouse_wheel=\u00a0\u00bboff\u00a0\u00bb admin_label=\u00a0\u00bbFullwidth Map\u00a0\u00bb _builder_version=\u00a0\u00bb4.23.1&Prime; global_colors_info=\u00a0\u00bb{}\u00a0\u00bb locked=\u00a0\u00bboff\u00a0\u00bb][et_pb_map_pin title=\u00a0\u00bbMain Office Marley Properties Marbella \u00a0\u00bb pin_address=\u00a0\u00bbAv. Ricardo Soriano, 34, oficina 4, 29601 Marbella, M\u00e1laga, Spain\u00a0\u00bb pin_address_lat=\u00a0\u00bb36.5107091&Prime; pin_address_lng=\u00a0\u00bb-4.8906843&Prime; _builder_version=\u00a0\u00bb4.23.1&Prime; global_colors_info=\u00a0\u00bb{}\u00a0\u00bb]<\/p>\n<p>Puerto de Cabopino, Bloque K Local 2,<\/p>\n<p>[\/et_pb_map_pin][et_pb_map_pin title=\u00a0\u00bbOficina Calahonda\u00a0\u00bb pin_address=\u00a0\u00bbVia Ue C4 Calahonda, 3, 29649 Mijas, M\u00e1laga, Espa\u00f1a\u00a0\u00bb pin_address_lat=\u00a0\u00bb36.48936396459638&Prime; pin_address_lng=\u00a0\u00bb-4.727998675163235&Prime; _builder_version=\u00a0\u00bb3.0.47&Prime; global_colors_info=\u00a0\u00bb{}\u00a0\u00bb][\/et_pb_map_pin][\/et_pb_fullwidth_map][\/et_pb_section]<\/p>\n","protected":false},"excerpt":{"rendered":"<p>O\u00f9 nous trouver?? &nbsp; Marley Properties Marbella dispose de deux bureaux strat\u00e9giquement situ\u00e9s afin de nous permettre de couvrir toute la Costa del Sol, et de mieux servir nos clients. Ils sont situ\u00e9s: l\u2019un dans le port de Cabopino, \u00e0 Marbella et l\u2019autre \u00e0 Calahonda, \u00e0 Mijas Costa. &nbsp; Pourquoi devriez-vous nous contacter?? &nbsp; &nbsp; [&hellip;]<\/p>\n","protected":false},"author":1,"featured_media":0,"parent":0,"menu_order":0,"comment_status":"closed","ping_status":"closed","template":"","meta":{"_acf_changed":false,"_et_pb_use_builder":"on","_et_pb_old_content":"<p>[et_pb_section bb_built=\"1\" admin_label=\"section\" fullwidth=\"on\" _builder_version=\"3.0.47\"][et_pb_fullwidth_image admin_label=\"Fullwidth Image\" src=\"https:\/\/marleypropertiesmarbella.com\/wp-content\/uploads\/2017\/06\/shutterstock_592062722-1.jpg\" _builder_version=\"3.0.51\" \/][\/et_pb_section][et_pb_section bb_built=\"1\" admin_label=\"Section\" _builder_version=\"3.0.51\"][et_pb_row admin_label=\"Row\" background_position=\"top_left\" background_repeat=\"repeat\" background_size=\"initial\"][et_pb_column type=\"4_4\"][et_pb_text admin_label=\"Text\" _builder_version=\"3.0.51\" background_layout=\"light\" text_orientation=\"left\" border_style=\"solid\"]<\/p><h1>Where to find us??<\/h1><p>\u00a0<\/p><p><b>Marley Properties Marbella<\/b> has two offices strategically located to enable us to cover the entire Costa del Sol, and better service our clients. They are located in the port of Cabopino, Marbella and also in Calahonda, Mijas Costa.<\/p><p>\u00a0<\/p><h2>Why should you get in touch with us??<\/h2><p>\u00a0<\/p><p>\u00a0<\/p><ul><li>We cover the entire Costa del Sol - from Malaga to Gibraltar<\/li><li>Through our collaborators we can show you any property for sale on the Costa del Sol - from new projects and development to bank repossessions<\/li><li>We are a very hardworking and dependable team \u2013 We are available to you 7 days a week<\/li><li>Our team has extensive real estate experience<\/li><li>We have lived and worked on the Costa del Sol for many years, and we will be happy to help you with advice about all aspects of living in Spain.<\/li><li>We speak your language \u2013 We speak English, Swedish, Dutch, French, German, Finnish and Spanish.<\/li><\/ul><p>\u00a0<\/p><p>\u00a0<\/p><h3 style=\"text-align: center;\">Please fill in the contact form below or just give us a call. We will be happy to help you.<\/h3><p>[\/et_pb_text][\/et_pb_column][\/et_pb_row][et_pb_row admin_label=\"Row\" _builder_version=\"3.0.51\" background_size=\"initial\" background_position=\"top_left\" background_repeat=\"repeat\"][et_pb_column type=\"1_4\"][et_pb_text admin_label=\"Text\" _builder_version=\"3.0.51\" background_size=\"initial\" background_position=\"top_left\" background_repeat=\"repeat\" background_layout=\"light\" text_orientation=\"left\" border_style=\"solid\"]<\/p><p><i class=\"fa fa-map-marker\" style=\"color: #68baec; margin-bottom: 2px; margin-left: 10px; font-size: 29px;\"><\/i><br \/> <strong>Address Cabopino<\/strong><br \/> Plaza del Mar<br \/> Puerto de Cabopino, Bloque K<br \/> Office 2, 29604 Marbella<\/p><p><i class=\"fa fa-phone\" style=\"color: #68baec; margin-bottom: 2px; margin-left: 10px; font-size: 29px;\"><\/i><br \/> Phone:<br \/> (0034) 951 203 857<br \/> (0034).693 235 833<\/p><p><i class=\"fa fa-envelope\" style=\"color: #68baec; margin-bottom: 2px; margin-left: 10px; font-size: 29px;\"><\/i><br \/> Email:<br \/> info@marleypropertiesmarbella.com<\/p><p>[\/et_pb_text][\/et_pb_column][et_pb_column type=\"1_4\"][et_pb_text admin_label=\"Text\" _builder_version=\"3.0.51\" background_size=\"initial\" background_position=\"top_left\" background_repeat=\"repeat\" background_layout=\"light\" text_orientation=\"left\" border_style=\"solid\"]<\/p><p style=\"text-align: left;\"><i class=\"fa fa-map-marker\" style=\"color: #68baec; margin-bottom: 2px; margin-left: 10px; font-size: 29px;\"><\/i><br \/> <strong>Address Calahonda<\/strong><br \/> Complejo Lidl Local 3<br \/> Calahonda 29649<br \/> Mijas Costa<\/p><p style=\"text-align: left;\"><i class=\"fa fa-phone\" style=\"color: #68baec; margin-bottom: 2px; margin-left: 10px; font-size: 29px;\"><\/i><br \/> Phone:<br \/> (0034) 951 203 857<br \/> (0034).633 66 92 91<\/p><p style=\"text-align: left;\"><i class=\"fa fa-envelope\" style=\"color: #68baec; margin-bottom: 2px; margin-left: 10px; font-size: 29px;\"><\/i><br \/> Email:<br \/> info@marleypropertiesmarbella.com<\/p><p>[\/et_pb_text][\/et_pb_column][et_pb_column type=\"1_2\"][et_pb_text admin_label=\"Text\" _builder_version=\"3.0.51\" background_layout=\"light\" text_orientation=\"left\" border_style=\"solid\"]<\/p><p>[caldera_form id=\"CF5968b49ec1a33\"]<\/p><p>[\/et_pb_text][\/et_pb_column][\/et_pb_row][\/et_pb_section][et_pb_section bb_built=\"1\" admin_label=\"Section\" fullwidth=\"on\" _builder_version=\"3.0.47\"][et_pb_fullwidth_map admin_label=\"Fullwidth Map\" address=\"Camping Cabopino, Carretera N-340, Km.194,7, 29604 Marbella, M\u00e1laga, Espa\u00f1a\" zoom_level=\"15\" address_lat=\"36.48440961844855\" address_lng=\"-4.7393913644222\" mouse_wheel=\"off\" _builder_version=\"3.0.51\" mobile_dragging=\"on\"]<\/p><p>[et_pb_map_pin title=\"Main Office Marley Properties Marbella \" pin_address=\"Urb. Cabopino, 1L, 29604 Marbella, M\u00e1laga, Espa\u00f1a\" pin_address_lat=\"36.485511268744254\" pin_address_lng=\"-4.741806693640115\" _builder_version=\"3.0.47\"]Puerto de Cabopino, Bloque K Local 2,[\/et_pb_map_pin][et_pb_map_pin title=\"Oficina Calahonda\" pin_address=\"Via Ue C4 Calahonda, 3, 29649 Mijas, M\u00e1laga, Espa\u00f1a\" pin_address_lat=\"36.48936396459638\" pin_address_lng=\"-4.727998675163235\" \/]<\/p><p>[\/et_pb_fullwidth_map][\/et_pb_section]<\/p>","_et_gb_content_width":"","footnotes":""},"class_list":["post-62982","page","type-page","status-publish","hentry"],"acf":[],"_links":{"self":[{"href":"https:\/\/marleypropertiesmarbella.com\/fr\/wp-json\/wp\/v2\/pages\/62982","targetHints":{"allow":["GET"]}}],"collection":[{"href":"https:\/\/marleypropertiesmarbella.com\/fr\/wp-json\/wp\/v2\/pages"}],"about":[{"href":"https:\/\/marleypropertiesmarbella.com\/fr\/wp-json\/wp\/v2\/types\/page"}],"author":[{"embeddable":true,"href":"https:\/\/marleypropertiesmarbella.com\/fr\/wp-json\/wp\/v2\/users\/1"}],"replies":[{"embeddable":true,"href":"https:\/\/marleypropertiesmarbella.com\/fr\/wp-json\/wp\/v2\/comments?post=62982"}],"version-history":[{"count":7,"href":"https:\/\/marleypropertiesmarbella.com\/fr\/wp-json\/wp\/v2\/pages\/62982\/revisions"}],"predecessor-version":[{"id":198322,"href":"https:\/\/marleypropertiesmarbella.com\/fr\/wp-json\/wp\/v2\/pages\/62982\/revisions\/198322"}],"wp:attachment":[{"href":"https:\/\/marleypropertiesmarbella.com\/fr\/wp-json\/wp\/v2\/media?parent=62982"}],"curies":[{"name":"wp","href":"https:\/\/api.w.org\/{rel}","templated":true}]}}